{"id":72484,"date":"2026-01-30T13:23:27","date_gmt":"2026-01-30T13:23:27","guid":{"rendered":"https:\/\/trade.colart.com\/fr\/product\/liquitex-liquitex-mediums-professionnels-liant-brillant\/"},"modified":"2026-04-17T12:35:38","modified_gmt":"2026-04-17T12:35:38","slug":"liquitex-liquitex-mediums-professionnels-liant-brillant","status":"publish","type":"product","link":"https:\/\/trade.colart.com\/fr\/product\/liquitex-liquitex-mediums-professionnels-liant-brillant\/","title":{"rendered":"Liquitex M\u00e9diums Professionnels, Liant Brillant"},"content":{"rendered":"<p>Gessos, m\u00e9diums, additifs et vernis acryliques professionnels &#8211; de la pr\u00e9paration de vos surfaces \u00e0 la protection de vos \u0153uvres finies. Chaque m\u00e9dium est formul\u00e9 de mani\u00e8re unique pour donner un r\u00e9sultat diff\u00e9rent. Des gels brillants, en passant pas les effets de texture exp\u00e9rimentaux,  jusqu&#8217;aux vernis, chacun d&#8217;entre eux vous permet d&#8217;adapter votre peinture \u00e0 votre pratique. Les M\u00e9diums Fluides diminuent la viscosit\u00e9 et allongent le volume de la peinture tout en conservant la force de la formule acrylique.<\/p>\n","protected":false},"excerpt":{"rendered":"<p>Donne \u00e0 votre peinture une finition brillante, tout en la diluant et en augmentant son volume. Ou s&#8217;utilise comme adh\u00e9sif de collage et comme fixatif. <span class=\"more_dots\">&#8230;<\/span><\/p>\n<p><a class=\"btn btn-secondary understrap-read-more-link\" href=\"https:\/\/trade.colart.com\/fr\/product\/liquitex-liquitex-mediums-professionnels-liant-brillant\/\">Read More&#8230;<span class=\"screen-reader-text\"> from Liquitex M\u00e9diums Professionnels, Liant Brillant<\/span><\/a><\/p>\n","protected":false},"featured_media":10491,"comment_status":"open","ping_status":"closed","template":"","meta":{"_acf_changed":false},"product_brand":[],"product_cat":[893,896],"product_tag":[4980],"class_list":{"0":"post-72484","1":"product","2":"type-product","3":"status-publish","4":"has-post-thumbnail","6":"product_cat-liquitex-produit-gamme-acrylique-professionnelle-gessos-mediums-et-vernis-tous-les-mediums","7":"product_cat-liquitex-produit-gamme-acrylique-professionnelle-gessos-mediums-et-vernis-mediums-fluides","8":"product_tag-gesso","10":"first","11":"instock","12":"shipping-taxable","13":"purchasable","14":"product-type-variable"},"acf":[],"_links":{"self":[{"href":"https:\/\/trade.colart.com\/fr\/wp-json\/wp\/v2\/product\/72484","targetHints":{"allow":["GET"]}}],"collection":[{"href":"https:\/\/trade.colart.com\/fr\/wp-json\/wp\/v2\/product"}],"about":[{"href":"https:\/\/trade.colart.com\/fr\/wp-json\/wp\/v2\/types\/product"}],"replies":[{"embeddable":true,"href":"https:\/\/trade.colart.com\/fr\/wp-json\/wp\/v2\/comments?post=72484"}],"wp:featuredmedia":[{"embeddable":true,"href":"https:\/\/trade.colart.com\/fr\/wp-json\/wp\/v2\/media\/10491"}],"wp:attachment":[{"href":"https:\/\/trade.colart.com\/fr\/wp-json\/wp\/v2\/media?parent=72484"}],"wp:term":[{"taxonomy":"product_brand","embeddable":true,"href":"https:\/\/trade.colart.com\/fr\/wp-json\/wp\/v2\/product_brand?post=72484"},{"taxonomy":"product_cat","embeddable":true,"href":"https:\/\/trade.colart.com\/fr\/wp-json\/wp\/v2\/product_cat?post=72484"},{"taxonomy":"product_tag","embeddable":true,"href":"https:\/\/trade.colart.com\/fr\/wp-json\/wp\/v2\/product_tag?post=72484"}],"curies":[{"name":"wp","href":"https:\/\/api.w.org\/{rel}","templated":true}]}}