{"id":72526,"date":"2026-01-30T13:29:02","date_gmt":"2026-01-30T13:29:02","guid":{"rendered":"https:\/\/trade.colart.com\/fr\/product\/liquitex-liquitex-mediums-professionnels-additif-fluidifiant-flow-aid\/"},"modified":"2026-04-17T08:23:29","modified_gmt":"2026-04-17T08:23:29","slug":"liquitex-liquitex-mediums-professionnels-additif-fluidifiant-flow-aid","status":"publish","type":"product","link":"https:\/\/trade.colart.com\/fr\/product\/liquitex-liquitex-mediums-professionnels-additif-fluidifiant-flow-aid\/","title":{"rendered":"Liquitex M\u00e9diums Professionnels, Additif Fluidifiant Flow Aid"},"content":{"rendered":"<p>Gessos, m\u00e9diums, additifs et vernis acryliques professionnels &#8211; de la pr\u00e9paration de vos surfaces \u00e0 la protection de vos \u0153uvres finies. Chaque m\u00e9dium est formul\u00e9 de mani\u00e8re unique pour donner un r\u00e9sultat diff\u00e9rent. Des gels brillants, en passant pas les effets de texture exp\u00e9rimentaux,  jusqu&#8217;aux vernis, chacun d&#8217;entre eux vous permet d&#8217;adapter votre peinture \u00e0 votre pratique. Les additifs sont des formules sans liant qui permettent d&#8217;ajuster le caract\u00e8re de la peinture.<\/p>\n","protected":false},"excerpt":{"rendered":"<p>Augmente consid\u00e9rablement le d\u00e9bit de vos couleurs\/m\u00e9diums tout en minimisant la r\u00e9tention des coups de pinceau. <span class=\"more_dots\">&#8230;<\/span><\/p>\n<p><a class=\"btn btn-secondary understrap-read-more-link\" href=\"https:\/\/trade.colart.com\/fr\/product\/liquitex-liquitex-mediums-professionnels-additif-fluidifiant-flow-aid\/\">Read More&#8230;<span class=\"screen-reader-text\"> from Liquitex M\u00e9diums Professionnels, Additif Fluidifiant Flow Aid<\/span><\/a><\/p>\n","protected":false},"featured_media":10519,"comment_status":"open","ping_status":"closed","template":"","meta":{"_acf_changed":false},"product_brand":[],"product_cat":[904],"product_tag":[4980],"class_list":{"0":"post-72526","1":"product","2":"type-product","3":"status-publish","4":"has-post-thumbnail","6":"product_cat-liquitex-produit-gamme-acrylique-professionnelle-gessos-mediums-et-vernis-additifs","7":"product_tag-gesso","9":"first","10":"instock","11":"shipping-taxable","12":"purchasable","13":"product-type-variable"},"acf":[],"_links":{"self":[{"href":"https:\/\/trade.colart.com\/fr\/wp-json\/wp\/v2\/product\/72526","targetHints":{"allow":["GET"]}}],"collection":[{"href":"https:\/\/trade.colart.com\/fr\/wp-json\/wp\/v2\/product"}],"about":[{"href":"https:\/\/trade.colart.com\/fr\/wp-json\/wp\/v2\/types\/product"}],"replies":[{"embeddable":true,"href":"https:\/\/trade.colart.com\/fr\/wp-json\/wp\/v2\/comments?post=72526"}],"wp:featuredmedia":[{"embeddable":true,"href":"https:\/\/trade.colart.com\/fr\/wp-json\/wp\/v2\/media\/10519"}],"wp:attachment":[{"href":"https:\/\/trade.colart.com\/fr\/wp-json\/wp\/v2\/media?parent=72526"}],"wp:term":[{"taxonomy":"product_brand","embeddable":true,"href":"https:\/\/trade.colart.com\/fr\/wp-json\/wp\/v2\/product_brand?post=72526"},{"taxonomy":"product_cat","embeddable":true,"href":"https:\/\/trade.colart.com\/fr\/wp-json\/wp\/v2\/product_cat?post=72526"},{"taxonomy":"product_tag","embeddable":true,"href":"https:\/\/trade.colart.com\/fr\/wp-json\/wp\/v2\/product_tag?post=72526"}],"curies":[{"name":"wp","href":"https:\/\/api.w.org\/{rel}","templated":true}]}}