{"id":72604,"date":"2026-01-30T13:33:11","date_gmt":"2026-01-30T13:33:11","guid":{"rendered":"https:\/\/trade.colart.com\/fr\/product\/liquitex-liquitex-mediums-professionnels-medium-de-serigraphie\/"},"modified":"2026-04-15T10:57:54","modified_gmt":"2026-04-15T10:57:54","slug":"liquitex-liquitex-mediums-professionnels-medium-de-serigraphie","status":"publish","type":"product","link":"https:\/\/trade.colart.com\/fr\/product\/liquitex-liquitex-mediums-professionnels-medium-de-serigraphie\/","title":{"rendered":"Liquitex M\u00e9diums Professionnels, M\u00e9dium de S\u00e9rigraphie"},"content":{"rendered":"<p>Gessos, m\u00e9diums, additifs et vernis acryliques professionnels &#8211; de la pr\u00e9paration de vos surfaces \u00e0 la protection de vos \u0153uvres finies. Chaque m\u00e9dium est formul\u00e9 de mani\u00e8re unique pour donner un r\u00e9sultat diff\u00e9rent. Des gels brillants, en passant pas les effets de texture exp\u00e9rimentaux,  jusqu&#8217;aux vernis, chacun d&#8217;entre eux vous permet d&#8217;adapter votre peinture \u00e0 votre pratique. Les M\u00e9diums \u00e0 Effets modifient le comportement de votre couleur, ajoutent de la texture et la pr\u00e9parent pour des techniques sp\u00e9cifiques tout en conservant la force de la formule acrylique.<\/p>\n","protected":false},"excerpt":{"rendered":"<p>Le M\u00e9dium de S\u00e9rigraphie Liquitex transforme la couleur acrylique \u00e0 base d&#8217;eau en encre d&#8217;impression avec la consistance id\u00e9ale pour la s\u00e9rigraphie et la monoimpression (monoprinting). M\u00e9langez-la \u00e0 votre peinture pour prolonger son temps de s\u00e9chage &#8211; ce qui vous donne plus de temps pour l&#8217;application et le positionnement de l&#8217;impression &#8211; et lui donner plus de d\u00e9bit et de fluidit\u00e9 &#8211; ce qui permet d&#8217;obtenir des d\u00e9tails d&#8217;impression plus fins. Le M\u00e9dium de S\u00e9rigraphie Liquitex conservera l&#8217;opacit\u00e9 de votre couleur et augmentera son volume. Le r\u00e9sultat ? Des impressions uniformes riches en couleurs avec une permanence de qualit\u00e9 archive. <span class=\"more_dots\">&#8230;<\/span><\/p>\n<p><a class=\"btn btn-secondary understrap-read-more-link\" href=\"https:\/\/trade.colart.com\/fr\/product\/liquitex-liquitex-mediums-professionnels-medium-de-serigraphie\/\">Read More&#8230;<span class=\"screen-reader-text\"> from Liquitex M\u00e9diums Professionnels, M\u00e9dium de S\u00e9rigraphie<\/span><\/a><\/p>\n","protected":false},"featured_media":21224,"comment_status":"open","ping_status":"closed","template":"","meta":{"_acf_changed":false},"product_brand":[],"product_cat":[893,898],"product_tag":[4980],"class_list":{"0":"post-72604","1":"product","2":"type-product","3":"status-publish","4":"has-post-thumbnail","6":"product_cat-liquitex-produit-gamme-acrylique-professionnelle-gessos-mediums-et-vernis-tous-les-mediums","7":"product_cat-liquitex-produit-gamme-acrylique-professionnelle-gessos-mediums-et-vernis-gels-et-pates","8":"product_tag-gesso","10":"first","11":"instock","12":"shipping-taxable","13":"purchasable","14":"product-type-variable"},"acf":[],"_links":{"self":[{"href":"https:\/\/trade.colart.com\/fr\/wp-json\/wp\/v2\/product\/72604","targetHints":{"allow":["GET"]}}],"collection":[{"href":"https:\/\/trade.colart.com\/fr\/wp-json\/wp\/v2\/product"}],"about":[{"href":"https:\/\/trade.colart.com\/fr\/wp-json\/wp\/v2\/types\/product"}],"replies":[{"embeddable":true,"href":"https:\/\/trade.colart.com\/fr\/wp-json\/wp\/v2\/comments?post=72604"}],"wp:featuredmedia":[{"embeddable":true,"href":"https:\/\/trade.colart.com\/fr\/wp-json\/wp\/v2\/media\/21224"}],"wp:attachment":[{"href":"https:\/\/trade.colart.com\/fr\/wp-json\/wp\/v2\/media?parent=72604"}],"wp:term":[{"taxonomy":"product_brand","embeddable":true,"href":"https:\/\/trade.colart.com\/fr\/wp-json\/wp\/v2\/product_brand?post=72604"},{"taxonomy":"product_cat","embeddable":true,"href":"https:\/\/trade.colart.com\/fr\/wp-json\/wp\/v2\/product_cat?post=72604"},{"taxonomy":"product_tag","embeddable":true,"href":"https:\/\/trade.colart.com\/fr\/wp-json\/wp\/v2\/product_tag?post=72604"}],"curies":[{"name":"wp","href":"https:\/\/api.w.org\/{rel}","templated":true}]}}