{"id":72878,"date":"2026-03-12T09:10:16","date_gmt":"2026-03-12T09:10:16","guid":{"rendered":"https:\/\/trade.colart.com\/fr\/product\/lefranc-bourgeois-enfants-bloc-de-papier-spoty\/"},"modified":"2026-04-08T09:38:50","modified_gmt":"2026-04-08T09:38:50","slug":"lefranc-bourgeois-enfants-bloc-de-papier-spoty","status":"publish","type":"product","link":"https:\/\/trade.colart.com\/fr\/product\/lefranc-bourgeois-enfants-bloc-de-papier-spoty\/","title":{"rendered":"Lefranc Bourgeois Enfants Bloc de Papier Spoty"},"content":{"rendered":"<p>Tamponnez, peignez et exp\u00e9rimentez avec la couleur sur notre bloc de papier Spoty pour enfants &#8211; 130 g\/m\u00b2 A3. Con\u00e7u pour les marqueurs Spoty Paint, ce grand bloc de 25x A3 comporte 20 pages vierges pour leurs propres cr\u00e9ations et 5 pages couvertes de motifs passionnants, pr\u00eats \u00e0 colorier.<\/p>\n<p>Solide et absorbant, ce bloc est \u00e9galement id\u00e9al pour la peinture \u00e0 la gouache, \u00e0 l&#8217;acrylique, \u00e0 l&#8217;aquarelle et \u00e0 l&#8217;encre. Convient aux enfants de 3 ans et plus<\/p>\n","protected":false},"excerpt":{"rendered":"<p>Tamponnez, peignez et exp\u00e9rimentez avec la couleur sur notre bloc de papier Spoty pour enfants &#8211; 130 g\/m\u00b2 A3. Con\u00e7u pour les marqueurs Spoty Paint, ce grand bloc de 25x A3 comporte 20 pages vierges pour leurs propres cr\u00e9ations et 5 pages couvertes de motifs passionnants, pr\u00eats \u00e0 colorier.<\/p>\n<p>Solide et absorbant, ce bloc est \u00e9galement id\u00e9al pour la peinture \u00e0 la gouache, \u00e0 l&#8217;acrylique, \u00e0 l&#8217;aquarelle et \u00e0 l&#8217;encre. Convient aux enfants de 3 ans et plus <span class=\"more_dots\">&#8230;<\/span><\/p>\n<p><a class=\"btn btn-secondary understrap-read-more-link\" href=\"https:\/\/trade.colart.com\/fr\/product\/lefranc-bourgeois-enfants-bloc-de-papier-spoty\/\">Read More&#8230;<span class=\"screen-reader-text\"> from Lefranc Bourgeois Enfants Bloc de Papier Spoty<\/span><\/a><\/p>\n","protected":false},"featured_media":13465,"comment_status":"closed","ping_status":"closed","template":"","meta":{"_acf_changed":false},"product_brand":[],"product_cat":[2448],"product_tag":[],"class_list":{"0":"post-72878","1":"product","2":"type-product","3":"status-publish","4":"has-post-thumbnail","6":"product_cat-lefranc-bourgeois-enfants-18m-decouverte-artistique-les-premieres-couleurs","8":"first","9":"instock","10":"shipping-taxable","11":"purchasable","12":"product-type-simple"},"acf":[],"_links":{"self":[{"href":"https:\/\/trade.colart.com\/fr\/wp-json\/wp\/v2\/product\/72878","targetHints":{"allow":["GET"]}}],"collection":[{"href":"https:\/\/trade.colart.com\/fr\/wp-json\/wp\/v2\/product"}],"about":[{"href":"https:\/\/trade.colart.com\/fr\/wp-json\/wp\/v2\/types\/product"}],"replies":[{"embeddable":true,"href":"https:\/\/trade.colart.com\/fr\/wp-json\/wp\/v2\/comments?post=72878"}],"wp:featuredmedia":[{"embeddable":true,"href":"https:\/\/trade.colart.com\/fr\/wp-json\/wp\/v2\/media\/13465"}],"wp:attachment":[{"href":"https:\/\/trade.colart.com\/fr\/wp-json\/wp\/v2\/media?parent=72878"}],"wp:term":[{"taxonomy":"product_brand","embeddable":true,"href":"https:\/\/trade.colart.com\/fr\/wp-json\/wp\/v2\/product_brand?post=72878"},{"taxonomy":"product_cat","embeddable":true,"href":"https:\/\/trade.colart.com\/fr\/wp-json\/wp\/v2\/product_cat?post=72878"},{"taxonomy":"product_tag","embeddable":true,"href":"https:\/\/trade.colart.com\/fr\/wp-json\/wp\/v2\/product_tag?post=72878"}],"curies":[{"name":"wp","href":"https:\/\/api.w.org\/{rel}","templated":true}]}}