{"id":72883,"date":"2026-03-12T12:14:16","date_gmt":"2026-03-12T12:14:16","guid":{"rendered":"https:\/\/trade.colart.com\/fr\/product\/lefranc-bourgeois-gouache-extra-fine-linel-bloc-papier-a4\/"},"modified":"2026-04-12T10:49:04","modified_gmt":"2026-04-12T10:49:04","slug":"lefranc-bourgeois-gouache-extra-fine-linel-bloc-papier-a4","status":"publish","type":"product","link":"https:\/\/trade.colart.com\/fr\/product\/lefranc-bourgeois-gouache-extra-fine-linel-bloc-papier-a4\/","title":{"rendered":"Lefranc Bourgeois Gouache Extra- Fine Linel Bloc Papier A4"},"content":{"rendered":"<p>D\u00e9couvrez le papier press\u00e9 pour les techniques mixtes. Notre papier Multi-Technique est fait pour la gouache, l&#8217;encre et les m\u00e9diums secs, notamment les pastels, le fusain et les crayons. Avec un grain fin, ces feuilles blanches mates sont 100% sans acide. Chaque feuille est r\u00e9sistante \u00e0 la d\u00e9formation.<\/p>\n<p>Id\u00e9al pour peindre et combiner diff\u00e9rents m\u00e9diums, ce papier est con\u00e7u pour les artistes professionnels et les \u00e9tudiants.<br \/>\n12 feuilles A4 &#8211; 300g\/m2.<\/p>\n","protected":false},"excerpt":{"rendered":"<p>D\u00e9couvrez le papier press\u00e9 pour les techniques mixtes. Notre papier Multi-Technique est fait pour la gouache, l&#8217;encre et les m\u00e9diums secs, notamment les pastels, le fusain et les crayons. Avec un grain fin, ces feuilles blanches mates sont 100% sans acide. Chaque feuille est r\u00e9sistante \u00e0 la d\u00e9formation.<\/p>\n<p>Id\u00e9al pour peindre et combiner diff\u00e9rents m\u00e9diums, ce papier est con\u00e7u pour les artistes professionnels et les \u00e9tudiants.<br \/>\n12 feuilles A4 &#8211; 300g\/m2. <span class=\"more_dots\">&#8230;<\/span><\/p>\n<p><a class=\"btn btn-secondary understrap-read-more-link\" href=\"https:\/\/trade.colart.com\/fr\/product\/lefranc-bourgeois-gouache-extra-fine-linel-bloc-papier-a4\/\">Read More&#8230;<span class=\"screen-reader-text\"> from Lefranc Bourgeois Gouache Extra- Fine Linel Bloc Papier A4<\/span><\/a><\/p>\n","protected":false},"featured_media":13466,"comment_status":"closed","ping_status":"closed","template":"","meta":{"_acf_changed":false},"product_brand":[],"product_cat":[5362],"product_tag":[],"class_list":{"0":"post-72883","1":"product","2":"type-product","3":"status-publish","4":"has-post-thumbnail","6":"product_cat-lefranc-bourgeois-beaux-arts-papier-papier-beaux-arts","8":"first","9":"instock","10":"shipping-taxable","11":"purchasable","12":"product-type-simple"},"acf":[],"_links":{"self":[{"href":"https:\/\/trade.colart.com\/fr\/wp-json\/wp\/v2\/product\/72883","targetHints":{"allow":["GET"]}}],"collection":[{"href":"https:\/\/trade.colart.com\/fr\/wp-json\/wp\/v2\/product"}],"about":[{"href":"https:\/\/trade.colart.com\/fr\/wp-json\/wp\/v2\/types\/product"}],"replies":[{"embeddable":true,"href":"https:\/\/trade.colart.com\/fr\/wp-json\/wp\/v2\/comments?post=72883"}],"wp:featuredmedia":[{"embeddable":true,"href":"https:\/\/trade.colart.com\/fr\/wp-json\/wp\/v2\/media\/13466"}],"wp:attachment":[{"href":"https:\/\/trade.colart.com\/fr\/wp-json\/wp\/v2\/media?parent=72883"}],"wp:term":[{"taxonomy":"product_brand","embeddable":true,"href":"https:\/\/trade.colart.com\/fr\/wp-json\/wp\/v2\/product_brand?post=72883"},{"taxonomy":"product_cat","embeddable":true,"href":"https:\/\/trade.colart.com\/fr\/wp-json\/wp\/v2\/product_cat?post=72883"},{"taxonomy":"product_tag","embeddable":true,"href":"https:\/\/trade.colart.com\/fr\/wp-json\/wp\/v2\/product_tag?post=72883"}],"curies":[{"name":"wp","href":"https:\/\/api.w.org\/{rel}","templated":true}]}}