{"id":73235,"date":"2026-03-16T09:53:07","date_gmt":"2026-03-16T09:53:07","guid":{"rendered":"https:\/\/trade.colart.com\/fr\/product\/liquitex-liquitex-marker\/"},"modified":"2026-04-17T13:18:17","modified_gmt":"2026-04-17T13:18:17","slug":"liquitex-liquitex-marker","status":"publish","type":"product","link":"https:\/\/trade.colart.com\/fr\/product\/liquitex-liquitex-marker\/","title":{"rendered":"Liquitex Marker"},"content":{"rendered":"<p>Les Liquitex Markers sont con\u00e7us pour les esprits libres, les exp\u00e9rimentateurs et les r\u00eaveurs.<br \/>\nPour celles et ceux qui esquissent dans les marges, griffonnent des id\u00e9es sur des serviettes et repoussent les couleurs au-del\u00e0 des limites, juste pour voir ce qui se passe.<br \/>\nAvec 58 couleurs en pointe pr\u00e9cise de 2 mm, ainsi que 16 couleurs en formats audacieux de 8 mm et 15 mm, et 10 sets soigneusement s\u00e9lectionn\u00e9s, la gamme offre les performances de l\u2019acrylique pour tout type de cr\u00e9ation, du d\u00e9tail pr\u00e9cis \u00e0 l\u2019expression grand format.<br \/>\nR\u00e9solument audacieux, ces marqueurs se superposent, se m\u00e9langent et offrent une forte couvrance sur toutes les surfaces et dans tous les styles.<\/p>\n","protected":false},"excerpt":{"rendered":"<p>Les Liquitex Markers sont con\u00e7us pour les esprits libres, les exp\u00e9rimentateurs et les r\u00eaveurs. Pour celles et ceux qui esquissent dans les marges, griffonnent des id\u00e9es sur des serviettes et repoussent les couleurs au-del\u00e0 des limites, juste pour voir ce qui se passe. Avec 58 couleurs en pointe pr\u00e9cise de 2 mm, ainsi que 16 <span class=\"more_dots\">&#8230;<\/span><\/p>\n<p><a class=\"btn btn-secondary understrap-read-more-link\" href=\"https:\/\/trade.colart.com\/fr\/product\/liquitex-liquitex-marker\/\">Read More&#8230;<span class=\"screen-reader-text\"> from Liquitex Marker<\/span><\/a><\/p>\n","protected":false},"featured_media":73314,"comment_status":"open","ping_status":"closed","template":"","meta":{"_acf_changed":false},"product_brand":[],"product_cat":[5370],"product_tag":[],"class_list":{"0":"post-73235","1":"product","2":"type-product","3":"status-publish","4":"has-post-thumbnail","6":"product_cat-liquitex-produit-markers","8":"first","9":"instock","10":"shipping-taxable","11":"purchasable","12":"product-type-variable"},"acf":[],"_links":{"self":[{"href":"https:\/\/trade.colart.com\/fr\/wp-json\/wp\/v2\/product\/73235","targetHints":{"allow":["GET"]}}],"collection":[{"href":"https:\/\/trade.colart.com\/fr\/wp-json\/wp\/v2\/product"}],"about":[{"href":"https:\/\/trade.colart.com\/fr\/wp-json\/wp\/v2\/types\/product"}],"replies":[{"embeddable":true,"href":"https:\/\/trade.colart.com\/fr\/wp-json\/wp\/v2\/comments?post=73235"}],"wp:featuredmedia":[{"embeddable":true,"href":"https:\/\/trade.colart.com\/fr\/wp-json\/wp\/v2\/media\/73314"}],"wp:attachment":[{"href":"https:\/\/trade.colart.com\/fr\/wp-json\/wp\/v2\/media?parent=73235"}],"wp:term":[{"taxonomy":"product_brand","embeddable":true,"href":"https:\/\/trade.colart.com\/fr\/wp-json\/wp\/v2\/product_brand?post=73235"},{"taxonomy":"product_cat","embeddable":true,"href":"https:\/\/trade.colart.com\/fr\/wp-json\/wp\/v2\/product_cat?post=73235"},{"taxonomy":"product_tag","embeddable":true,"href":"https:\/\/trade.colart.com\/fr\/wp-json\/wp\/v2\/product_tag?post=73235"}],"curies":[{"name":"wp","href":"https:\/\/api.w.org\/{rel}","templated":true}]}}