{"id":73658,"date":"2026-04-02T10:16:53","date_gmt":"2026-04-02T10:16:53","guid":{"rendered":"https:\/\/trade.colart.com\/fr\/product\/liquitex-marker-8-x-2-mm-set-paysage-de-r%c3%aave\/"},"modified":"2026-04-17T13:18:13","modified_gmt":"2026-04-17T13:18:13","slug":"liquitex-marker-8-x-2-mm-set-paysage-de-r%c3%aave","status":"publish","type":"product","link":"https:\/\/trade.colart.com\/fr\/product\/liquitex-marker-8-x-2-mm-set-paysage-de-r%c3%aave\/","title":{"rendered":"Liquitex Marker 8 x 2 mm &#8211; Set Paysage De R\u00eave"},"content":{"rendered":"<p>Allez au-del\u00e0 du litt\u00e9ral._x000D_<br \/>\nCe set traverse des teintes surr\u00e9alistes, des transitions douces et des couleurs atmosph\u00e9riques qui r\u00e9inventent la r\u00e9alit\u00e9._x000D_<br \/>\nParfait pour des mondes imaginaires, des d\u00e9grad\u00e9s cosmiques et un storytelling visuel entre m\u00e9moire et fantaisie.<\/p>\n","protected":false},"excerpt":{"rendered":"<p>Allez au-del\u00e0 du litt\u00e9ral._x000D_<br \/>\nCe set traverse des teintes surr\u00e9alistes, des transitions douces et des couleurs atmosph\u00e9riques qui r\u00e9inventent la r\u00e9alit\u00e9._x000D_<br \/>\nParfait pour des mondes imaginaires, des d\u00e9grad\u00e9s cosmiques et un storytelling visuel entre m\u00e9moire et fantaisie. <span class=\"more_dots\">&#8230;<\/span><\/p>\n<p><a class=\"btn btn-secondary understrap-read-more-link\" href=\"https:\/\/trade.colart.com\/fr\/product\/liquitex-marker-8-x-2-mm-set-paysage-de-r%c3%aave\/\">Read More&#8230;<span class=\"screen-reader-text\"> from Liquitex Marker 8 x 2 mm &#8211; Set Paysage De R\u00eave<\/span><\/a><\/p>\n","protected":false},"featured_media":73675,"comment_status":"closed","ping_status":"closed","template":"","meta":{"_acf_changed":false},"product_brand":[],"product_cat":[5370],"product_tag":[],"class_list":{"0":"post-73658","1":"product","2":"type-product","3":"status-publish","4":"has-post-thumbnail","6":"product_cat-liquitex-produit-markers","8":"first","9":"instock","10":"shipping-taxable","11":"purchasable","12":"product-type-simple"},"acf":[],"_links":{"self":[{"href":"https:\/\/trade.colart.com\/fr\/wp-json\/wp\/v2\/product\/73658","targetHints":{"allow":["GET"]}}],"collection":[{"href":"https:\/\/trade.colart.com\/fr\/wp-json\/wp\/v2\/product"}],"about":[{"href":"https:\/\/trade.colart.com\/fr\/wp-json\/wp\/v2\/types\/product"}],"replies":[{"embeddable":true,"href":"https:\/\/trade.colart.com\/fr\/wp-json\/wp\/v2\/comments?post=73658"}],"wp:featuredmedia":[{"embeddable":true,"href":"https:\/\/trade.colart.com\/fr\/wp-json\/wp\/v2\/media\/73675"}],"wp:attachment":[{"href":"https:\/\/trade.colart.com\/fr\/wp-json\/wp\/v2\/media?parent=73658"}],"wp:term":[{"taxonomy":"product_brand","embeddable":true,"href":"https:\/\/trade.colart.com\/fr\/wp-json\/wp\/v2\/product_brand?post=73658"},{"taxonomy":"product_cat","embeddable":true,"href":"https:\/\/trade.colart.com\/fr\/wp-json\/wp\/v2\/product_cat?post=73658"},{"taxonomy":"product_tag","embeddable":true,"href":"https:\/\/trade.colart.com\/fr\/wp-json\/wp\/v2\/product_tag?post=73658"}],"curies":[{"name":"wp","href":"https:\/\/api.w.org\/{rel}","templated":true}]}}