{"id":73659,"date":"2026-04-02T10:17:06","date_gmt":"2026-04-02T10:17:06","guid":{"rendered":"https:\/\/trade.colart.com\/fr\/product\/liquitex-marker-16-x-2-mm-set-expression\/"},"modified":"2026-04-17T13:18:06","modified_gmt":"2026-04-17T13:18:06","slug":"liquitex-marker-16-x-2-mm-set-expression","status":"publish","type":"product","link":"https:\/\/trade.colart.com\/fr\/product\/liquitex-marker-16-x-2-mm-set-expression\/","title":{"rendered":"Liquitex Marker 16 x 2 mm &#8211; Set Expression"},"content":{"rendered":"<p>Plus de couleurs, plus d\u2019expression._x000D_<br \/>\nCette palette \u00e9largie ouvre la porte \u00e0 des contrastes dynamiques, une palette \u00e9motionnelle plus large et des exp\u00e9rimentations audacieuses._x000D_<br \/>\nPassez de transitions subtiles \u00e0 des d\u00e9clarations visuelles fortes sans perdre le rythme._x000D_<br \/>\nCon\u00e7ue pour les cr\u00e9atifs qui repoussent les id\u00e9es, les limites et leur style personnel.<\/p>\n","protected":false},"excerpt":{"rendered":"<p>Plus de couleurs, plus d\u2019expression._x000D_<br \/>\nCette palette \u00e9largie ouvre la porte \u00e0 des contrastes dynamiques, une palette \u00e9motionnelle plus large et des exp\u00e9rimentations audacieuses._x000D_<br \/>\nPassez de transitions subtiles \u00e0 des d\u00e9clarations visuelles fortes sans perdre le rythme._x000D_<br \/>\nCon\u00e7ue pour les cr\u00e9atifs qui repoussent les id\u00e9es, les limites et leur style personnel. <span class=\"more_dots\">&#8230;<\/span><\/p>\n<p><a class=\"btn btn-secondary understrap-read-more-link\" href=\"https:\/\/trade.colart.com\/fr\/product\/liquitex-marker-16-x-2-mm-set-expression\/\">Read More&#8230;<span class=\"screen-reader-text\"> from Liquitex Marker 16 x 2 mm &#8211; Set Expression<\/span><\/a><\/p>\n","protected":false},"featured_media":73682,"comment_status":"closed","ping_status":"closed","template":"","meta":{"_acf_changed":false},"product_brand":[],"product_cat":[5370],"product_tag":[],"class_list":{"0":"post-73659","1":"product","2":"type-product","3":"status-publish","4":"has-post-thumbnail","6":"product_cat-liquitex-produit-markers","8":"first","9":"instock","10":"shipping-taxable","11":"purchasable","12":"product-type-simple"},"acf":[],"_links":{"self":[{"href":"https:\/\/trade.colart.com\/fr\/wp-json\/wp\/v2\/product\/73659","targetHints":{"allow":["GET"]}}],"collection":[{"href":"https:\/\/trade.colart.com\/fr\/wp-json\/wp\/v2\/product"}],"about":[{"href":"https:\/\/trade.colart.com\/fr\/wp-json\/wp\/v2\/types\/product"}],"replies":[{"embeddable":true,"href":"https:\/\/trade.colart.com\/fr\/wp-json\/wp\/v2\/comments?post=73659"}],"wp:featuredmedia":[{"embeddable":true,"href":"https:\/\/trade.colart.com\/fr\/wp-json\/wp\/v2\/media\/73682"}],"wp:attachment":[{"href":"https:\/\/trade.colart.com\/fr\/wp-json\/wp\/v2\/media?parent=73659"}],"wp:term":[{"taxonomy":"product_brand","embeddable":true,"href":"https:\/\/trade.colart.com\/fr\/wp-json\/wp\/v2\/product_brand?post=73659"},{"taxonomy":"product_cat","embeddable":true,"href":"https:\/\/trade.colart.com\/fr\/wp-json\/wp\/v2\/product_cat?post=73659"},{"taxonomy":"product_tag","embeddable":true,"href":"https:\/\/trade.colart.com\/fr\/wp-json\/wp\/v2\/product_tag?post=73659"}],"curies":[{"name":"wp","href":"https:\/\/api.w.org\/{rel}","templated":true}]}}