{"id":73660,"date":"2026-04-02T10:16:43","date_gmt":"2026-04-02T10:16:43","guid":{"rendered":"https:\/\/trade.colart.com\/fr\/product\/liquitex-marker-3-x-2-mm-set-primaire\/"},"modified":"2026-04-17T13:17:54","modified_gmt":"2026-04-17T13:17:54","slug":"liquitex-marker-3-x-2-mm-set-primaire","status":"publish","type":"product","link":"https:\/\/trade.colart.com\/fr\/product\/liquitex-marker-3-x-2-mm-set-primaire\/","title":{"rendered":"Liquitex Marker 3 x 2 mm &#8211; Set Primaire"},"content":{"rendered":"<p>R\u00e9duisez la couleur \u00e0 sa puissance essentielle._x000D_<br \/>\nCe trio offre une palette fondamentale, id\u00e9ale pour m\u00e9langer, superposer et construire chaque nuance \u00e0 partir de z\u00e9ro._x000D_<br \/>\nNet, audacieux et infiniment polyvalent._x000D_<br \/>\nLa base de la th\u00e9orie des couleurs, sous forme de marqueur.<\/p>\n","protected":false},"excerpt":{"rendered":"<p>R\u00e9duisez la couleur \u00e0 sa puissance essentielle._x000D_<br \/>\nCe trio offre une palette fondamentale, id\u00e9ale pour m\u00e9langer, superposer et construire chaque nuance \u00e0 partir de z\u00e9ro._x000D_<br \/>\nNet, audacieux et infiniment polyvalent._x000D_<br \/>\nLa base de la th\u00e9orie des couleurs, sous forme de marqueur. <span class=\"more_dots\">&#8230;<\/span><\/p>\n<p><a class=\"btn btn-secondary understrap-read-more-link\" href=\"https:\/\/trade.colart.com\/fr\/product\/liquitex-marker-3-x-2-mm-set-primaire\/\">Read More&#8230;<span class=\"screen-reader-text\"> from Liquitex Marker 3 x 2 mm &#8211; Set Primaire<\/span><\/a><\/p>\n","protected":false},"featured_media":73688,"comment_status":"closed","ping_status":"closed","template":"","meta":{"_acf_changed":false},"product_brand":[],"product_cat":[5370],"product_tag":[],"class_list":{"0":"post-73660","1":"product","2":"type-product","3":"status-publish","4":"has-post-thumbnail","6":"product_cat-liquitex-produit-markers","8":"first","9":"instock","10":"shipping-taxable","11":"purchasable","12":"product-type-simple"},"acf":[],"_links":{"self":[{"href":"https:\/\/trade.colart.com\/fr\/wp-json\/wp\/v2\/product\/73660","targetHints":{"allow":["GET"]}}],"collection":[{"href":"https:\/\/trade.colart.com\/fr\/wp-json\/wp\/v2\/product"}],"about":[{"href":"https:\/\/trade.colart.com\/fr\/wp-json\/wp\/v2\/types\/product"}],"replies":[{"embeddable":true,"href":"https:\/\/trade.colart.com\/fr\/wp-json\/wp\/v2\/comments?post=73660"}],"wp:featuredmedia":[{"embeddable":true,"href":"https:\/\/trade.colart.com\/fr\/wp-json\/wp\/v2\/media\/73688"}],"wp:attachment":[{"href":"https:\/\/trade.colart.com\/fr\/wp-json\/wp\/v2\/media?parent=73660"}],"wp:term":[{"taxonomy":"product_brand","embeddable":true,"href":"https:\/\/trade.colart.com\/fr\/wp-json\/wp\/v2\/product_brand?post=73660"},{"taxonomy":"product_cat","embeddable":true,"href":"https:\/\/trade.colart.com\/fr\/wp-json\/wp\/v2\/product_cat?post=73660"},{"taxonomy":"product_tag","embeddable":true,"href":"https:\/\/trade.colart.com\/fr\/wp-json\/wp\/v2\/product_tag?post=73660"}],"curies":[{"name":"wp","href":"https:\/\/api.w.org\/{rel}","templated":true}]}}