{"id":73663,"date":"2026-04-02T10:16:59","date_gmt":"2026-04-02T10:16:59","guid":{"rendered":"https:\/\/trade.colart.com\/fr\/product\/liquitex-marker-3-x-2-mm-set-accent\/"},"modified":"2026-04-17T13:17:50","modified_gmt":"2026-04-17T13:17:50","slug":"liquitex-marker-3-x-2-mm-set-accent","status":"publish","type":"product","link":"https:\/\/trade.colart.com\/fr\/product\/liquitex-marker-3-x-2-mm-set-accent\/","title":{"rendered":"Liquitex Marker 3 x 2 mm &#8211; Set Accent"},"content":{"rendered":"<p>Petit set, grande brillance._x000D_<br \/>\nCes accents m\u00e9talliques refl\u00e8tent la lumi\u00e8re, ajoutent de la dimension et dynamisent les surfaces._x000D_<br \/>\nUtilisez-les pour mettre en valeur, cr\u00e9er une rupture ou rehausser votre palette avec une touche d\u2019\u00e9nergie lumineuse.<\/p>\n","protected":false},"excerpt":{"rendered":"<p>Petit set, grande brillance._x000D_<br \/>\nCes accents m\u00e9talliques refl\u00e8tent la lumi\u00e8re, ajoutent de la dimension et dynamisent les surfaces._x000D_<br \/>\nUtilisez-les pour mettre en valeur, cr\u00e9er une rupture ou rehausser votre palette avec une touche d\u2019\u00e9nergie lumineuse. <span class=\"more_dots\">&#8230;<\/span><\/p>\n<p><a class=\"btn btn-secondary understrap-read-more-link\" href=\"https:\/\/trade.colart.com\/fr\/product\/liquitex-marker-3-x-2-mm-set-accent\/\">Read More&#8230;<span class=\"screen-reader-text\"> from Liquitex Marker 3 x 2 mm &#8211; Set Accent<\/span><\/a><\/p>\n","protected":false},"featured_media":73692,"comment_status":"closed","ping_status":"closed","template":"","meta":{"_acf_changed":false},"product_brand":[],"product_cat":[5370],"product_tag":[],"class_list":{"0":"post-73663","1":"product","2":"type-product","3":"status-publish","4":"has-post-thumbnail","6":"product_cat-liquitex-produit-markers","8":"first","9":"instock","10":"shipping-taxable","11":"purchasable","12":"product-type-simple"},"acf":[],"_links":{"self":[{"href":"https:\/\/trade.colart.com\/fr\/wp-json\/wp\/v2\/product\/73663","targetHints":{"allow":["GET"]}}],"collection":[{"href":"https:\/\/trade.colart.com\/fr\/wp-json\/wp\/v2\/product"}],"about":[{"href":"https:\/\/trade.colart.com\/fr\/wp-json\/wp\/v2\/types\/product"}],"replies":[{"embeddable":true,"href":"https:\/\/trade.colart.com\/fr\/wp-json\/wp\/v2\/comments?post=73663"}],"wp:featuredmedia":[{"embeddable":true,"href":"https:\/\/trade.colart.com\/fr\/wp-json\/wp\/v2\/media\/73692"}],"wp:attachment":[{"href":"https:\/\/trade.colart.com\/fr\/wp-json\/wp\/v2\/media?parent=73663"}],"wp:term":[{"taxonomy":"product_brand","embeddable":true,"href":"https:\/\/trade.colart.com\/fr\/wp-json\/wp\/v2\/product_brand?post=73663"},{"taxonomy":"product_cat","embeddable":true,"href":"https:\/\/trade.colart.com\/fr\/wp-json\/wp\/v2\/product_cat?post=73663"},{"taxonomy":"product_tag","embeddable":true,"href":"https:\/\/trade.colart.com\/fr\/wp-json\/wp\/v2\/product_tag?post=73663"}],"curies":[{"name":"wp","href":"https:\/\/api.w.org\/{rel}","templated":true}]}}