{"id":73668,"date":"2026-04-02T10:17:15","date_gmt":"2026-04-02T10:17:15","guid":{"rendered":"https:\/\/trade.colart.com\/fr\/product\/liquitex-marker-40-x-2-mm-set-radical\/"},"modified":"2026-04-17T13:18:13","modified_gmt":"2026-04-17T13:18:13","slug":"liquitex-marker-40-x-2-mm-set-radical","status":"publish","type":"product","link":"https:\/\/trade.colart.com\/fr\/product\/liquitex-marker-40-x-2-mm-set-radical\/","title":{"rendered":"Liquitex Marker 40 x 2 mm &#8211; Set Radical"},"content":{"rendered":"<p>Une palette compl\u00e8te con\u00e7ue pour des gestes audacieux et une couleur assum\u00e9e._x000D_<br \/>\nDes tons fondamentaux, des couleurs vives intenses et des m\u00e9talliques rayonnants._x000D_<br \/>\nLe set Radical est pens\u00e9 pour les cr\u00e9atifs qui voient grand, superposent en profondeur et refusent de suivre les r\u00e8gles.<\/p>\n","protected":false},"excerpt":{"rendered":"<p>Une palette compl\u00e8te con\u00e7ue pour des gestes audacieux et une couleur assum\u00e9e._x000D_<br \/>\nDes tons fondamentaux, des couleurs vives intenses et des m\u00e9talliques rayonnants._x000D_<br \/>\nLe set Radical est pens\u00e9 pour les cr\u00e9atifs qui voient grand, superposent en profondeur et refusent de suivre les r\u00e8gles. <span class=\"more_dots\">&#8230;<\/span><\/p>\n<p><a class=\"btn btn-secondary understrap-read-more-link\" href=\"https:\/\/trade.colart.com\/fr\/product\/liquitex-marker-40-x-2-mm-set-radical\/\">Read More&#8230;<span class=\"screen-reader-text\"> from Liquitex Marker 40 x 2 mm &#8211; Set Radical<\/span><\/a><\/p>\n","protected":false},"featured_media":73702,"comment_status":"closed","ping_status":"closed","template":"","meta":{"_acf_changed":false},"product_brand":[],"product_cat":[5370],"product_tag":[],"class_list":{"0":"post-73668","1":"product","2":"type-product","3":"status-publish","4":"has-post-thumbnail","6":"product_cat-liquitex-produit-markers","8":"first","9":"instock","10":"shipping-taxable","11":"purchasable","12":"product-type-simple"},"acf":[],"_links":{"self":[{"href":"https:\/\/trade.colart.com\/fr\/wp-json\/wp\/v2\/product\/73668","targetHints":{"allow":["GET"]}}],"collection":[{"href":"https:\/\/trade.colart.com\/fr\/wp-json\/wp\/v2\/product"}],"about":[{"href":"https:\/\/trade.colart.com\/fr\/wp-json\/wp\/v2\/types\/product"}],"replies":[{"embeddable":true,"href":"https:\/\/trade.colart.com\/fr\/wp-json\/wp\/v2\/comments?post=73668"}],"wp:featuredmedia":[{"embeddable":true,"href":"https:\/\/trade.colart.com\/fr\/wp-json\/wp\/v2\/media\/73702"}],"wp:attachment":[{"href":"https:\/\/trade.colart.com\/fr\/wp-json\/wp\/v2\/media?parent=73668"}],"wp:term":[{"taxonomy":"product_brand","embeddable":true,"href":"https:\/\/trade.colart.com\/fr\/wp-json\/wp\/v2\/product_brand?post=73668"},{"taxonomy":"product_cat","embeddable":true,"href":"https:\/\/trade.colart.com\/fr\/wp-json\/wp\/v2\/product_cat?post=73668"},{"taxonomy":"product_tag","embeddable":true,"href":"https:\/\/trade.colart.com\/fr\/wp-json\/wp\/v2\/product_tag?post=73668"}],"curies":[{"name":"wp","href":"https:\/\/api.w.org\/{rel}","templated":true}]}}