{"id":73674,"date":"2026-04-16T08:41:06","date_gmt":"2026-04-16T08:41:06","guid":{"rendered":"https:\/\/trade.colart.com\/fr\/product\/liquitex-marker-8-x-2-mm-set-m%c3%a9tallique\/"},"modified":"2026-04-17T13:18:02","modified_gmt":"2026-04-17T13:18:02","slug":"liquitex-marker-8-x-2-mm-set-m%c3%a9tallique","status":"publish","type":"product","link":"https:\/\/trade.colart.com\/fr\/product\/liquitex-marker-8-x-2-mm-set-m%c3%a9tallique\/","title":{"rendered":"Liquitex Marker 8 x 2 mm &#8211; Set M\u00e9tallique"},"content":{"rendered":"<p>Un \u00e9clat complet au fort impact._x000D_<br \/>\nCes teintes r\u00e9fl\u00e9chissantes captent la lumi\u00e8re, cr\u00e9ent du contraste et ajoutent une dimension suppl\u00e9mentaire \u00e0 toute surface._x000D_<br \/>\nD\u2019un \u00e9clat subtil \u00e0 une brillance intense, elles transforment les marques en v\u00e9ritables d\u00e9clarations._x000D_<br \/>\nUtilisez-les pour mettre en valeur, cr\u00e9er une rupture ou rehausser votre palette avec une touche d\u2019\u00e9nergie lumineuse.<\/p>\n","protected":false},"excerpt":{"rendered":"<p>Un \u00e9clat complet au fort impact._x000D_<br \/>\nCes teintes r\u00e9fl\u00e9chissantes captent la lumi\u00e8re, cr\u00e9ent du contraste et ajoutent une dimension suppl\u00e9mentaire \u00e0 toute surface._x000D_<br \/>\nD\u2019un \u00e9clat subtil \u00e0 une brillance intense, elles transforment les marques en v\u00e9ritables d\u00e9clarations._x000D_<br \/>\nUtilisez-les pour mettre en valeur, cr\u00e9er une rupture ou rehausser votre palette avec une touche d\u2019\u00e9nergie lumineuse. <span class=\"more_dots\">&#8230;<\/span><\/p>\n<p><a class=\"btn btn-secondary understrap-read-more-link\" href=\"https:\/\/trade.colart.com\/fr\/product\/liquitex-marker-8-x-2-mm-set-m%c3%a9tallique\/\">Read More&#8230;<span class=\"screen-reader-text\"> from Liquitex Marker 8 x 2 mm &#8211; Set M\u00e9tallique<\/span><\/a><\/p>\n","protected":false},"featured_media":73715,"comment_status":"closed","ping_status":"closed","template":"","meta":{"_acf_changed":false},"product_brand":[],"product_cat":[5370],"product_tag":[],"class_list":{"0":"post-73674","1":"product","2":"type-product","3":"status-publish","4":"has-post-thumbnail","6":"product_cat-liquitex-produit-markers","8":"first","9":"instock","10":"shipping-taxable","11":"purchasable","12":"product-type-simple"},"acf":[],"_links":{"self":[{"href":"https:\/\/trade.colart.com\/fr\/wp-json\/wp\/v2\/product\/73674","targetHints":{"allow":["GET"]}}],"collection":[{"href":"https:\/\/trade.colart.com\/fr\/wp-json\/wp\/v2\/product"}],"about":[{"href":"https:\/\/trade.colart.com\/fr\/wp-json\/wp\/v2\/types\/product"}],"replies":[{"embeddable":true,"href":"https:\/\/trade.colart.com\/fr\/wp-json\/wp\/v2\/comments?post=73674"}],"wp:featuredmedia":[{"embeddable":true,"href":"https:\/\/trade.colart.com\/fr\/wp-json\/wp\/v2\/media\/73715"}],"wp:attachment":[{"href":"https:\/\/trade.colart.com\/fr\/wp-json\/wp\/v2\/media?parent=73674"}],"wp:term":[{"taxonomy":"product_brand","embeddable":true,"href":"https:\/\/trade.colart.com\/fr\/wp-json\/wp\/v2\/product_brand?post=73674"},{"taxonomy":"product_cat","embeddable":true,"href":"https:\/\/trade.colart.com\/fr\/wp-json\/wp\/v2\/product_cat?post=73674"},{"taxonomy":"product_tag","embeddable":true,"href":"https:\/\/trade.colart.com\/fr\/wp-json\/wp\/v2\/product_tag?post=73674"}],"curies":[{"name":"wp","href":"https:\/\/api.w.org\/{rel}","templated":true}]}}