{"id":73809,"date":"2026-03-26T08:40:00","date_gmt":"2026-03-26T08:40:00","guid":{"rendered":"https:\/\/trade.colart.com\/fr\/product\/lefranc-bourgeois-assortiment-de-pinceaux-pour-lhuile-en-soies-de-porc-%c3%a0-manche-long-plat\/"},"modified":"2026-04-16T10:21:56","modified_gmt":"2026-04-16T10:21:56","slug":"lefranc-bourgeois-assortiment-de-pinceaux-pour-lhuile-en-soies-de-porc-%c3%a0-manche-long-plat","status":"publish","type":"product","link":"https:\/\/trade.colart.com\/fr\/product\/lefranc-bourgeois-assortiment-de-pinceaux-pour-lhuile-en-soies-de-porc-%c3%a0-manche-long-plat\/","title":{"rendered":"Lefranc Bourgeois Assortiment de Pinceaux pour l&#8217;Huile en Soies de Porc \u00e0 Manche Long Plat"},"content":{"rendered":"<p>Les pinceaux plats et ses poils en soie de porc sont parfaits pour peindre en demi-p\u00e2te \u00e0 l&#8217;huile ou \u00e0 l&#8217;acrylique. Leur longs manches offrent une ergonomie id\u00e9ale et leurs poils se bonifient \u00e0 l&#8217;usage. Polyvalents et \u00e9conomiques, leur toucher ferme et vigoureux en font des accessoires r\u00e9sistants et permettent un geste pr\u00e9cis.<\/p>\n","protected":false},"excerpt":{"rendered":"<p>Les pinceaux plats et ses poils en soie de porc sont parfaits pour peindre en demi-p\u00e2te \u00e0 l&#8217;huile ou \u00e0 l&#8217;acrylique. Leur longs manches offrent une ergonomie id\u00e9ale et leurs poils se bonifient \u00e0 l&#8217;usage. Polyvalents et \u00e9conomiques, leur toucher ferme et vigoureux en font des accessoires r\u00e9sistants et permettent un geste pr\u00e9cis. <span class=\"more_dots\">&#8230;<\/span><\/p>\n<p><a class=\"btn btn-secondary understrap-read-more-link\" href=\"https:\/\/trade.colart.com\/fr\/product\/lefranc-bourgeois-assortiment-de-pinceaux-pour-lhuile-en-soies-de-porc-%c3%a0-manche-long-plat\/\">Read More&#8230;<span class=\"screen-reader-text\"> from Lefranc Bourgeois Assortiment de Pinceaux pour l&#8217;Huile en Soies de Porc \u00e0 Manche Long Plat<\/span><\/a><\/p>\n","protected":false},"featured_media":13649,"comment_status":"open","ping_status":"closed","template":"","meta":{"_acf_changed":false},"product_brand":[],"product_cat":[2853],"product_tag":[],"class_list":{"0":"post-73809","1":"product","2":"type-product","3":"status-publish","4":"has-post-thumbnail","6":"product_cat-lefranc-bourgeois-beaux-arts-applicateurs-pinceaux-pinceaux-huile-acrylique","8":"first","9":"instock","10":"shipping-taxable","11":"purchasable","12":"product-type-simple"},"acf":[],"_links":{"self":[{"href":"https:\/\/trade.colart.com\/fr\/wp-json\/wp\/v2\/product\/73809","targetHints":{"allow":["GET"]}}],"collection":[{"href":"https:\/\/trade.colart.com\/fr\/wp-json\/wp\/v2\/product"}],"about":[{"href":"https:\/\/trade.colart.com\/fr\/wp-json\/wp\/v2\/types\/product"}],"replies":[{"embeddable":true,"href":"https:\/\/trade.colart.com\/fr\/wp-json\/wp\/v2\/comments?post=73809"}],"wp:featuredmedia":[{"embeddable":true,"href":"https:\/\/trade.colart.com\/fr\/wp-json\/wp\/v2\/media\/13649"}],"wp:attachment":[{"href":"https:\/\/trade.colart.com\/fr\/wp-json\/wp\/v2\/media?parent=73809"}],"wp:term":[{"taxonomy":"product_brand","embeddable":true,"href":"https:\/\/trade.colart.com\/fr\/wp-json\/wp\/v2\/product_brand?post=73809"},{"taxonomy":"product_cat","embeddable":true,"href":"https:\/\/trade.colart.com\/fr\/wp-json\/wp\/v2\/product_cat?post=73809"},{"taxonomy":"product_tag","embeddable":true,"href":"https:\/\/trade.colart.com\/fr\/wp-json\/wp\/v2\/product_tag?post=73809"}],"curies":[{"name":"wp","href":"https:\/\/api.w.org\/{rel}","templated":true}]}}