{"id":73978,"date":"2026-04-16T08:58:57","date_gmt":"2026-04-16T08:58:57","guid":{"rendered":"https:\/\/trade.colart.com\/fr\/product\/liquitex-marker-8-x-2-mm-set-portrait\/"},"modified":"2026-04-17T13:18:06","modified_gmt":"2026-04-17T13:18:06","slug":"liquitex-marker-8-x-2-mm-set-portrait","status":"publish","type":"product","link":"https:\/\/trade.colart.com\/fr\/product\/liquitex-marker-8-x-2-mm-set-portrait\/","title":{"rendered":"Liquitex Marker 8 x 2 mm &#8211; Set Portrait"},"content":{"rendered":"<p>D\u00e9couvrez cette gamme \u00e9quilibr\u00e9e con\u00e7ue pour capturer les tons de peau, la chaleur, les ombres et les sous-tons subtils avec clart\u00e9 et profondeur._x000D_<br \/>\nCr\u00e9ez de la dimension et donnez vie aux figures gr\u00e2ce \u00e0 des transitions douces et faciles \u00e0 estomper.<\/p>\n","protected":false},"excerpt":{"rendered":"<p>D\u00e9couvrez cette gamme \u00e9quilibr\u00e9e con\u00e7ue pour capturer les tons de peau, la chaleur, les ombres et les sous-tons subtils avec clart\u00e9 et profondeur._x000D_<br \/>\nCr\u00e9ez de la dimension et donnez vie aux figures gr\u00e2ce \u00e0 des transitions douces et faciles \u00e0 estomper. <span class=\"more_dots\">&#8230;<\/span><\/p>\n<p><a class=\"btn btn-secondary understrap-read-more-link\" href=\"https:\/\/trade.colart.com\/fr\/product\/liquitex-marker-8-x-2-mm-set-portrait\/\">Read More&#8230;<span class=\"screen-reader-text\"> from Liquitex Marker 8 x 2 mm &#8211; Set Portrait<\/span><\/a><\/p>\n","protected":false},"featured_media":73709,"comment_status":"open","ping_status":"closed","template":"","meta":{"_acf_changed":false},"product_brand":[],"product_cat":[5370],"product_tag":[],"class_list":{"0":"post-73978","1":"product","2":"type-product","3":"status-publish","4":"has-post-thumbnail","6":"product_cat-liquitex-produit-markers","8":"first","9":"instock","10":"shipping-taxable","11":"purchasable","12":"product-type-simple"},"acf":[],"_links":{"self":[{"href":"https:\/\/trade.colart.com\/fr\/wp-json\/wp\/v2\/product\/73978","targetHints":{"allow":["GET"]}}],"collection":[{"href":"https:\/\/trade.colart.com\/fr\/wp-json\/wp\/v2\/product"}],"about":[{"href":"https:\/\/trade.colart.com\/fr\/wp-json\/wp\/v2\/types\/product"}],"replies":[{"embeddable":true,"href":"https:\/\/trade.colart.com\/fr\/wp-json\/wp\/v2\/comments?post=73978"}],"wp:featuredmedia":[{"embeddable":true,"href":"https:\/\/trade.colart.com\/fr\/wp-json\/wp\/v2\/media\/73709"}],"wp:attachment":[{"href":"https:\/\/trade.colart.com\/fr\/wp-json\/wp\/v2\/media?parent=73978"}],"wp:term":[{"taxonomy":"product_brand","embeddable":true,"href":"https:\/\/trade.colart.com\/fr\/wp-json\/wp\/v2\/product_brand?post=73978"},{"taxonomy":"product_cat","embeddable":true,"href":"https:\/\/trade.colart.com\/fr\/wp-json\/wp\/v2\/product_cat?post=73978"},{"taxonomy":"product_tag","embeddable":true,"href":"https:\/\/trade.colart.com\/fr\/wp-json\/wp\/v2\/product_tag?post=73978"}],"curies":[{"name":"wp","href":"https:\/\/api.w.org\/{rel}","templated":true}]}}