{"id":811,"date":"2025-03-24T14:08:22","date_gmt":"2025-03-24T14:08:22","guid":{"rendered":"https:\/\/trade.colart.com\/fr\/product\/winsor-newton-huiles\/"},"modified":"2026-04-17T11:06:33","modified_gmt":"2026-04-17T11:06:33","slug":"winsor-newton-huiles","status":"publish","type":"product","link":"https:\/\/trade.colart.com\/fr\/product\/winsor-newton-huiles\/","title":{"rendered":"Huiles"},"content":{"rendered":"<p>Linseed, poppy and safflower oil are the vegetable oils used to create oil colour; these drying and semi-drying oils give each colour its different drying rate, consistency and colour. Winsor &amp; Newton Drying Oils, used in conjunction with oil colour, will modify the colours existing consistency, gloss and drying time. Using oils maintains the flexibility of paint films, particularly when working fat over lean, and prevents over-thinning, which can happen when using solvents<\/p>\n","protected":false},"excerpt":{"rendered":"<p>Huile extraite sans l\u2019utilisation de chaleur. L&#8217;huile de lin press\u00e9e \u00e0 froid rend la peinture \u00e0 l&#8217;huile plus grasse et s\u00e8che l\u00e9g\u00e8rement plus vite que l&#8217;huile de lin raffin\u00e9e. Elle r\u00e9duit la consistance tout en augmentant la fluidit\u00e9 et la transparence de la peinture \u00e0 l&#8217;huile. <span class=\"more_dots\">&#8230;<\/span><\/p>\n<p><a class=\"btn btn-secondary understrap-read-more-link\" href=\"https:\/\/trade.colart.com\/fr\/product\/winsor-newton-huiles\/\">Read More&#8230;<span class=\"screen-reader-text\"> from Huiles<\/span><\/a><\/p>\n","protected":false},"featured_media":3976,"comment_status":"closed","ping_status":"closed","template":"","meta":{"_acf_changed":false},"product_brand":[],"product_cat":[200],"product_tag":[],"class_list":{"0":"post-811","1":"product","2":"type-product","3":"status-publish","4":"has-post-thumbnail","6":"product_cat-winsor-newton-additifs-additifs-pour-huile","8":"first","9":"instock","10":"shipping-taxable","11":"purchasable","12":"product-type-variable"},"acf":[],"_links":{"self":[{"href":"https:\/\/trade.colart.com\/fr\/wp-json\/wp\/v2\/product\/811","targetHints":{"allow":["GET"]}}],"collection":[{"href":"https:\/\/trade.colart.com\/fr\/wp-json\/wp\/v2\/product"}],"about":[{"href":"https:\/\/trade.colart.com\/fr\/wp-json\/wp\/v2\/types\/product"}],"replies":[{"embeddable":true,"href":"https:\/\/trade.colart.com\/fr\/wp-json\/wp\/v2\/comments?post=811"}],"wp:featuredmedia":[{"embeddable":true,"href":"https:\/\/trade.colart.com\/fr\/wp-json\/wp\/v2\/media\/3976"}],"wp:attachment":[{"href":"https:\/\/trade.colart.com\/fr\/wp-json\/wp\/v2\/media?parent=811"}],"wp:term":[{"taxonomy":"product_brand","embeddable":true,"href":"https:\/\/trade.colart.com\/fr\/wp-json\/wp\/v2\/product_brand?post=811"},{"taxonomy":"product_cat","embeddable":true,"href":"https:\/\/trade.colart.com\/fr\/wp-json\/wp\/v2\/product_cat?post=811"},{"taxonomy":"product_tag","embeddable":true,"href":"https:\/\/trade.colart.com\/fr\/wp-json\/wp\/v2\/product_tag?post=811"}],"curies":[{"name":"wp","href":"https:\/\/api.w.org\/{rel}","templated":true}]}}