{"id":886,"date":"2025-03-24T15:21:39","date_gmt":"2025-03-24T15:21:39","guid":{"rendered":"https:\/\/trade.colart.com\/fr\/product\/winsor-newton-vernis\/"},"modified":"2026-04-17T13:23:38","modified_gmt":"2026-04-17T13:23:38","slug":"winsor-newton-vernis","status":"publish","type":"product","link":"https:\/\/trade.colart.com\/fr\/product\/winsor-newton-vernis\/","title":{"rendered":"Vernis"},"content":{"rendered":"<p>The final coatings for finished pictures, varnishes protect from the build-up of dirt and grease. Fine Art varnishes should be removable so that paintings can be cleaned. Over time, dirt and dust can get trapped in the varnish and removing and reapplying this will make it as good as new. Available in different finishes, Matt, Satin &amp; Gloss, it is important to wait until oil paintings are thoroughly dry before varnishing (drying time should be at least 6-12 months for conventional oils and 3 months for Griffin Alkyd Fast Drying Oil Colour).<\/p>\n","protected":false},"excerpt":{"rendered":"<p>En raison de la nature de ces produits, ils ne peuvent \u00eatre exp\u00e9di\u00e9s par avion le lendemain ou en deux jours ; ils seront exp\u00e9di\u00e9s par voie terrestre. Traitement de finition haute brillance pour peintures \u00e0 l&#8217;huile et alkydes afin de pr\u00e9server les \u0153uvres plus longtemps. Le scellement des pores microscopiques du film de peinture \u00e0 l&#8217;huile assure une r\u00e9sistance \u00e0 la salet\u00e9 et \u00e0 la graisse, tout en cr\u00e9ant un brillant uniforme. Peut \u00eatre retir\u00e9 \u00e0 l&#8217;essence de t\u00e9r\u00e9benthine distill\u00e9e pour un nouveau vernissage. Ne pas utiliser avant s\u00e9chage complet de la peinture (6 \u00e0 12 mois). Utiliser dans un endroit chaud et sec. Bien agiter avant emploi. <span class=\"more_dots\">&#8230;<\/span><\/p>\n<p><a class=\"btn btn-secondary understrap-read-more-link\" href=\"https:\/\/trade.colart.com\/fr\/product\/winsor-newton-vernis\/\">Read More&#8230;<span class=\"screen-reader-text\"> from Vernis<\/span><\/a><\/p>\n","protected":false},"featured_media":2809,"comment_status":"closed","ping_status":"closed","template":"","meta":{"_acf_changed":false},"product_brand":[],"product_cat":[200],"product_tag":[],"class_list":{"0":"post-886","1":"product","2":"type-product","3":"status-publish","4":"has-post-thumbnail","6":"product_cat-winsor-newton-additifs-additifs-pour-huile","8":"first","9":"instock","10":"shipping-taxable","11":"purchasable","12":"product-type-variable"},"acf":[],"_links":{"self":[{"href":"https:\/\/trade.colart.com\/fr\/wp-json\/wp\/v2\/product\/886","targetHints":{"allow":["GET"]}}],"collection":[{"href":"https:\/\/trade.colart.com\/fr\/wp-json\/wp\/v2\/product"}],"about":[{"href":"https:\/\/trade.colart.com\/fr\/wp-json\/wp\/v2\/types\/product"}],"replies":[{"embeddable":true,"href":"https:\/\/trade.colart.com\/fr\/wp-json\/wp\/v2\/comments?post=886"}],"wp:featuredmedia":[{"embeddable":true,"href":"https:\/\/trade.colart.com\/fr\/wp-json\/wp\/v2\/media\/2809"}],"wp:attachment":[{"href":"https:\/\/trade.colart.com\/fr\/wp-json\/wp\/v2\/media?parent=886"}],"wp:term":[{"taxonomy":"product_brand","embeddable":true,"href":"https:\/\/trade.colart.com\/fr\/wp-json\/wp\/v2\/product_brand?post=886"},{"taxonomy":"product_cat","embeddable":true,"href":"https:\/\/trade.colart.com\/fr\/wp-json\/wp\/v2\/product_cat?post=886"},{"taxonomy":"product_tag","embeddable":true,"href":"https:\/\/trade.colart.com\/fr\/wp-json\/wp\/v2\/product_tag?post=886"}],"curies":[{"name":"wp","href":"https:\/\/api.w.org\/{rel}","templated":true}]}}