{"id":9513,"date":"2026-03-13T00:08:08","date_gmt":"2026-03-13T00:08:08","guid":{"rendered":"https:\/\/trade.colart.com\/fr\/product\/liqutex-basics-set-2-pinceaux-synth%c3%a9tiques\/"},"modified":"2026-04-17T08:10:50","modified_gmt":"2026-04-17T08:10:50","slug":"liqutex-basics-set-2-pinceaux-synth%c3%a9tiques","status":"publish","type":"product","link":"https:\/\/trade.colart.com\/fr\/product\/liqutex-basics-set-2-pinceaux-synth%c3%a9tiques\/","title":{"rendered":"Liqutex Basics set 2 pinceaux synth\u00e9tiques"},"content":{"rendered":"<p>Ces pinceaux pour acrylique vous permettent de r\u00e9aliser des projets de grande envergure. Les poils synth\u00e9tiques de qualit\u00e9 pr\u00e9l\u00e8vent et d\u00e9posent la peinture acrylique en douceur et de mani\u00e8re homog\u00e8ne, ce qui permet de couvrir rapidement de grandes surfaces.<\/p>\n","protected":false},"excerpt":{"rendered":"<p>Ces pinceaux pour acrylique vous permettent de r\u00e9aliser des projets de grande envergure. Les poils synth\u00e9tiques de qualit\u00e9 pr\u00e9l\u00e8vent et d\u00e9posent la peinture acrylique en douceur et de mani\u00e8re homog\u00e8ne, ce qui permet de couvrir rapidement de grandes surfaces. <span class=\"more_dots\">&#8230;<\/span><\/p>\n<p><a class=\"btn btn-secondary understrap-read-more-link\" href=\"https:\/\/trade.colart.com\/fr\/product\/liqutex-basics-set-2-pinceaux-synth%c3%a9tiques\/\">Read More&#8230;<span class=\"screen-reader-text\"> from Liqutex Basics set 2 pinceaux synth\u00e9tiques<\/span><\/a><\/p>\n","protected":false},"featured_media":11976,"comment_status":"closed","ping_status":"closed","template":"","meta":{"_acf_changed":false},"product_brand":[],"product_cat":[1089],"product_tag":[],"class_list":{"0":"post-9513","1":"product","2":"type-product","3":"status-publish","4":"has-post-thumbnail","6":"product_cat-liquitex-produit-gamme-acrylique-basics-sets-basics-sets-outils-basics","8":"first","9":"instock","10":"shipping-taxable","11":"purchasable","12":"product-type-simple"},"acf":[],"_links":{"self":[{"href":"https:\/\/trade.colart.com\/fr\/wp-json\/wp\/v2\/product\/9513","targetHints":{"allow":["GET"]}}],"collection":[{"href":"https:\/\/trade.colart.com\/fr\/wp-json\/wp\/v2\/product"}],"about":[{"href":"https:\/\/trade.colart.com\/fr\/wp-json\/wp\/v2\/types\/product"}],"replies":[{"embeddable":true,"href":"https:\/\/trade.colart.com\/fr\/wp-json\/wp\/v2\/comments?post=9513"}],"wp:featuredmedia":[{"embeddable":true,"href":"https:\/\/trade.colart.com\/fr\/wp-json\/wp\/v2\/media\/11976"}],"wp:attachment":[{"href":"https:\/\/trade.colart.com\/fr\/wp-json\/wp\/v2\/media?parent=9513"}],"wp:term":[{"taxonomy":"product_brand","embeddable":true,"href":"https:\/\/trade.colart.com\/fr\/wp-json\/wp\/v2\/product_brand?post=9513"},{"taxonomy":"product_cat","embeddable":true,"href":"https:\/\/trade.colart.com\/fr\/wp-json\/wp\/v2\/product_cat?post=9513"},{"taxonomy":"product_tag","embeddable":true,"href":"https:\/\/trade.colart.com\/fr\/wp-json\/wp\/v2\/product_tag?post=9513"}],"curies":[{"name":"wp","href":"https:\/\/api.w.org\/{rel}","templated":true}]}}