{"id":9514,"date":"2026-03-13T00:07:34","date_gmt":"2026-03-13T00:07:34","guid":{"rendered":"https:\/\/trade.colart.com\/fr\/product\/liquitex-basics-set-3-pinceaux-synth%c3%a9tiques\/"},"modified":"2026-04-17T13:12:44","modified_gmt":"2026-04-17T13:12:44","slug":"liquitex-basics-set-3-pinceaux-synth%c3%a9tiques","status":"publish","type":"product","link":"https:\/\/trade.colart.com\/fr\/product\/liquitex-basics-set-3-pinceaux-synth%c3%a9tiques\/","title":{"rendered":"Liquitex Basics set 3 pinceaux synth\u00e9tiques"},"content":{"rendered":"<p>Vous souhaitez un set pour r\u00e9aliser toutes sortes de projets ? Ces pinceaux sont dot\u00e9s de poils synth\u00e9tiques de qualit\u00e9 qui facilitent l&#8217;application de l&#8217;appr\u00eat sur les toiles, les peintures murales, la r\u00e9alisation de fonds et toutes les techniques de peinture acrylique.<\/p>\n","protected":false},"excerpt":{"rendered":"<p>Vous souhaitez un set pour r\u00e9aliser toutes sortes de projets ? Ces pinceaux sont dot\u00e9s de poils synth\u00e9tiques de qualit\u00e9 qui facilitent l&#8217;application de l&#8217;appr\u00eat sur les toiles, les peintures murales, la r\u00e9alisation de fonds et toutes les techniques de peinture acrylique. <span class=\"more_dots\">&#8230;<\/span><\/p>\n<p><a class=\"btn btn-secondary understrap-read-more-link\" href=\"https:\/\/trade.colart.com\/fr\/product\/liquitex-basics-set-3-pinceaux-synth%c3%a9tiques\/\">Read More&#8230;<span class=\"screen-reader-text\"> from Liquitex Basics set 3 pinceaux synth\u00e9tiques<\/span><\/a><\/p>\n","protected":false},"featured_media":11977,"comment_status":"closed","ping_status":"closed","template":"","meta":{"_acf_changed":false},"product_brand":[],"product_cat":[1089],"product_tag":[],"class_list":{"0":"post-9514","1":"product","2":"type-product","3":"status-publish","4":"has-post-thumbnail","6":"product_cat-liquitex-produit-gamme-acrylique-basics-sets-basics-sets-outils-basics","8":"first","9":"instock","10":"shipping-taxable","11":"purchasable","12":"product-type-simple"},"acf":[],"_links":{"self":[{"href":"https:\/\/trade.colart.com\/fr\/wp-json\/wp\/v2\/product\/9514","targetHints":{"allow":["GET"]}}],"collection":[{"href":"https:\/\/trade.colart.com\/fr\/wp-json\/wp\/v2\/product"}],"about":[{"href":"https:\/\/trade.colart.com\/fr\/wp-json\/wp\/v2\/types\/product"}],"replies":[{"embeddable":true,"href":"https:\/\/trade.colart.com\/fr\/wp-json\/wp\/v2\/comments?post=9514"}],"wp:featuredmedia":[{"embeddable":true,"href":"https:\/\/trade.colart.com\/fr\/wp-json\/wp\/v2\/media\/11977"}],"wp:attachment":[{"href":"https:\/\/trade.colart.com\/fr\/wp-json\/wp\/v2\/media?parent=9514"}],"wp:term":[{"taxonomy":"product_brand","embeddable":true,"href":"https:\/\/trade.colart.com\/fr\/wp-json\/wp\/v2\/product_brand?post=9514"},{"taxonomy":"product_cat","embeddable":true,"href":"https:\/\/trade.colart.com\/fr\/wp-json\/wp\/v2\/product_cat?post=9514"},{"taxonomy":"product_tag","embeddable":true,"href":"https:\/\/trade.colart.com\/fr\/wp-json\/wp\/v2\/product_tag?post=9514"}],"curies":[{"name":"wp","href":"https:\/\/api.w.org\/{rel}","templated":true}]}}