{"id":9520,"date":"2026-03-13T00:07:38","date_gmt":"2026-03-13T00:07:38","guid":{"rendered":"https:\/\/trade.colart.com\/fr\/product\/liqutex-basics-set-3-pennelli-setole-naturale-di-maiale-piatti-misure-1212\/"},"modified":"2026-04-14T13:27:15","modified_gmt":"2026-04-14T13:27:15","slug":"liquitex-basics-brush-natural-hair-x3-set","status":"publish","type":"product","link":"https:\/\/trade.colart.com\/fr\/product\/liquitex-basics-brush-natural-hair-x3-set\/","title":{"rendered":"Liquitex Basics Brush Natural Hair x3 Set"},"content":{"rendered":"<p>Lorsque la texture et les traces de pinceaux sont importantes dans votre cr\u00e9ation, optez pour des pinceaux en poils naturels. Id\u00e9al pour les peintures plus \u00e9paisses, ce set essentiel de trois tailles de pinceaux vous permettra de laisser des traces sur la surface, tout en travaillant les couleurs et les m\u00e9diums avec facilit\u00e9.<\/p>\n","protected":false},"excerpt":{"rendered":"<p>Lorsque la texture et les traces de pinceaux sont importantes dans votre cr\u00e9ation, optez pour des pinceaux en poils naturels. Id\u00e9al pour les peintures plus \u00e9paisses, ce set essentiel de trois tailles de pinceaux vous permettra de laisser des traces sur la surface, tout en travaillant les couleurs et les m\u00e9diums avec facilit\u00e9. <span class=\"more_dots\">&#8230;<\/span><\/p>\n<p><a class=\"btn btn-secondary understrap-read-more-link\" href=\"https:\/\/trade.colart.com\/fr\/product\/liquitex-basics-brush-natural-hair-x3-set\/\">Read More&#8230;<span class=\"screen-reader-text\"> from Liquitex Basics Brush Natural Hair x3 Set<\/span><\/a><\/p>\n","protected":false},"featured_media":11987,"comment_status":"closed","ping_status":"closed","template":"","meta":{"_acf_changed":false},"product_brand":[],"product_cat":[1089],"product_tag":[],"class_list":{"0":"post-9520","1":"product","2":"type-product","3":"status-publish","4":"has-post-thumbnail","6":"product_cat-liquitex-produit-gamme-acrylique-basics-sets-basics-sets-outils-basics","8":"first","9":"instock","10":"shipping-taxable","11":"purchasable","12":"product-type-simple"},"acf":[],"_links":{"self":[{"href":"https:\/\/trade.colart.com\/fr\/wp-json\/wp\/v2\/product\/9520","targetHints":{"allow":["GET"]}}],"collection":[{"href":"https:\/\/trade.colart.com\/fr\/wp-json\/wp\/v2\/product"}],"about":[{"href":"https:\/\/trade.colart.com\/fr\/wp-json\/wp\/v2\/types\/product"}],"replies":[{"embeddable":true,"href":"https:\/\/trade.colart.com\/fr\/wp-json\/wp\/v2\/comments?post=9520"}],"wp:featuredmedia":[{"embeddable":true,"href":"https:\/\/trade.colart.com\/fr\/wp-json\/wp\/v2\/media\/11987"}],"wp:attachment":[{"href":"https:\/\/trade.colart.com\/fr\/wp-json\/wp\/v2\/media?parent=9520"}],"wp:term":[{"taxonomy":"product_brand","embeddable":true,"href":"https:\/\/trade.colart.com\/fr\/wp-json\/wp\/v2\/product_brand?post=9520"},{"taxonomy":"product_cat","embeddable":true,"href":"https:\/\/trade.colart.com\/fr\/wp-json\/wp\/v2\/product_cat?post=9520"},{"taxonomy":"product_tag","embeddable":true,"href":"https:\/\/trade.colart.com\/fr\/wp-json\/wp\/v2\/product_tag?post=9520"}],"curies":[{"name":"wp","href":"https:\/\/api.w.org\/{rel}","templated":true}]}}