{"id":9545,"date":"2026-03-13T01:29:38","date_gmt":"2026-03-13T01:29:38","guid":{"rendered":"https:\/\/trade.colart.com\/fr\/product\/liquitex-heavy-body-set-4x59ml-m%c3%a9langes\/"},"modified":"2026-04-17T11:30:47","modified_gmt":"2026-04-17T11:30:47","slug":"liquitex-heavy-body-set-4x59ml-m%c3%a9langes","status":"publish","type":"product","link":"https:\/\/trade.colart.com\/fr\/product\/liquitex-heavy-body-set-4x59ml-m%c3%a9langes\/","title":{"rendered":"Liquitex Heavy Body Set 4x59ml M\u00e9langes"},"content":{"rendered":"<p>Heavy Body Acrylic est notre acrylique professionnelle \u00e0 la viscosit\u00e9 la plus \u00e9lev\u00e9e. Cet set de couleurs vous offre des possibilit\u00e9s de m\u00e9lange infinies. Le Blanc de Titane peut \u00eatre utilis\u00e9 seul ou pour cr\u00e9er des teintes.<\/p>\n","protected":false},"excerpt":{"rendered":"<p>Heavy Body Acrylic est notre acrylique professionnelle \u00e0 la viscosit\u00e9 la plus \u00e9lev\u00e9e. Cet set de couleurs vous offre des possibilit\u00e9s de m\u00e9lange infinies. Le Blanc de Titane peut \u00eatre utilis\u00e9 seul ou pour cr\u00e9er des teintes. <span class=\"more_dots\">&#8230;<\/span><\/p>\n<p><a class=\"btn btn-secondary understrap-read-more-link\" href=\"https:\/\/trade.colart.com\/fr\/product\/liquitex-heavy-body-set-4x59ml-m%c3%a9langes\/\">Read More&#8230;<span class=\"screen-reader-text\"> from Liquitex Heavy Body Set 4x59ml M\u00e9langes<\/span><\/a><\/p>\n","protected":false},"featured_media":12046,"comment_status":"closed","ping_status":"closed","template":"","meta":{"_acf_changed":false},"product_brand":[],"product_cat":[1094],"product_tag":[],"class_list":{"0":"post-9545","1":"product","2":"type-product","3":"status-publish","4":"has-post-thumbnail","6":"product_cat-liquitex-produit-gamme-acrylique-professionnelle-couleurs-heavy-body-acrylic-sets-heavy-body-acrylic","8":"first","9":"instock","10":"shipping-taxable","11":"purchasable","12":"product-type-simple"},"acf":[],"_links":{"self":[{"href":"https:\/\/trade.colart.com\/fr\/wp-json\/wp\/v2\/product\/9545","targetHints":{"allow":["GET"]}}],"collection":[{"href":"https:\/\/trade.colart.com\/fr\/wp-json\/wp\/v2\/product"}],"about":[{"href":"https:\/\/trade.colart.com\/fr\/wp-json\/wp\/v2\/types\/product"}],"replies":[{"embeddable":true,"href":"https:\/\/trade.colart.com\/fr\/wp-json\/wp\/v2\/comments?post=9545"}],"wp:featuredmedia":[{"embeddable":true,"href":"https:\/\/trade.colart.com\/fr\/wp-json\/wp\/v2\/media\/12046"}],"wp:attachment":[{"href":"https:\/\/trade.colart.com\/fr\/wp-json\/wp\/v2\/media?parent=9545"}],"wp:term":[{"taxonomy":"product_brand","embeddable":true,"href":"https:\/\/trade.colart.com\/fr\/wp-json\/wp\/v2\/product_brand?post=9545"},{"taxonomy":"product_cat","embeddable":true,"href":"https:\/\/trade.colart.com\/fr\/wp-json\/wp\/v2\/product_cat?post=9545"},{"taxonomy":"product_tag","embeddable":true,"href":"https:\/\/trade.colart.com\/fr\/wp-json\/wp\/v2\/product_tag?post=9545"}],"curies":[{"name":"wp","href":"https:\/\/api.w.org\/{rel}","templated":true}]}}