{"id":9546,"date":"2026-03-12T07:33:58","date_gmt":"2026-03-12T07:33:58","guid":{"rendered":"https:\/\/trade.colart.com\/fr\/product\/liquitex-encre-acrylique-ink-150ml-pen-cleaner-nettoyant\/"},"modified":"2026-04-14T13:38:19","modified_gmt":"2026-04-14T13:38:19","slug":"liquitex-encre-acrylique-ink-150ml-pen-cleaner-nettoyant","status":"publish","type":"product","link":"https:\/\/trade.colart.com\/fr\/product\/liquitex-encre-acrylique-ink-150ml-pen-cleaner-nettoyant\/","title":{"rendered":"Liquitex Encre Acrylique Ink 150ml Pen Cleaner (Nettoyant)"},"content":{"rendered":"<p>Con\u00e7u pour nettoyer l&#8217;encre acrylique des pinceaux, des pi\u00e8ces d&#8217;a\u00e9rographe, des stylos techniques et des stylos \u00e0 plume. Utilisez la formule claire et peu odorante pour rincer vos outils apr\u00e8s utilisation et avant que l&#8217;encre ne soit s\u00e8che. Si l&#8217;encre a d\u00e9j\u00e0 s\u00e9ch\u00e9, trempez l&#8217;outil dans le nettoyant Pen Cleaner, laissez-le agir pendant quelques minutes, puis v\u00e9rifiez si la couleur cro\u00fbt\u00e9e se d\u00e9tache et rincez \u00e0 l&#8217;eau. Laissez agir un peu plus longtemps si la peinture est \u00e9paisse.<\/p>\n","protected":false},"excerpt":{"rendered":"<p>Con\u00e7u pour nettoyer l&#8217;encre acrylique des pinceaux, des pi\u00e8ces d&#8217;a\u00e9rographe, des stylos techniques et des stylos \u00e0 plume. Utilisez la formule claire et peu odorante pour rincer vos outils apr\u00e8s utilisation et avant que l&#8217;encre ne soit s\u00e8che. Si l&#8217;encre a d\u00e9j\u00e0 s\u00e9ch\u00e9, trempez l&#8217;outil dans le nettoyant Pen Cleaner, laissez-le agir pendant quelques minutes, puis v\u00e9rifiez si la couleur cro\u00fbt\u00e9e se d\u00e9tache et rincez \u00e0 l&#8217;eau. Laissez agir un peu plus longtemps si la peinture est \u00e9paisse. <span class=\"more_dots\">&#8230;<\/span><\/p>\n<p><a class=\"btn btn-secondary understrap-read-more-link\" href=\"https:\/\/trade.colart.com\/fr\/product\/liquitex-encre-acrylique-ink-150ml-pen-cleaner-nettoyant\/\">Read More&#8230;<span class=\"screen-reader-text\"> from Liquitex Encre Acrylique Ink 150ml Pen Cleaner (Nettoyant)<\/span><\/a><\/p>\n","protected":false},"featured_media":12045,"comment_status":"closed","ping_status":"closed","template":"","meta":{"_acf_changed":false},"product_brand":[],"product_cat":[1096,1097],"product_tag":[],"class_list":{"0":"post-9546","1":"product","2":"type-product","3":"status-publish","4":"has-post-thumbnail","6":"product_cat-liquitex-produit-gamme-acrylique-professionnelle-outils-accessoires-nettoyants","7":"product_cat-liquitex-produit-gamme-acrylique-professionnelle-outils-accessoires-voir-tout","9":"first","10":"instock","11":"shipping-taxable","12":"purchasable","13":"product-type-simple"},"acf":[],"_links":{"self":[{"href":"https:\/\/trade.colart.com\/fr\/wp-json\/wp\/v2\/product\/9546","targetHints":{"allow":["GET"]}}],"collection":[{"href":"https:\/\/trade.colart.com\/fr\/wp-json\/wp\/v2\/product"}],"about":[{"href":"https:\/\/trade.colart.com\/fr\/wp-json\/wp\/v2\/types\/product"}],"replies":[{"embeddable":true,"href":"https:\/\/trade.colart.com\/fr\/wp-json\/wp\/v2\/comments?post=9546"}],"wp:featuredmedia":[{"embeddable":true,"href":"https:\/\/trade.colart.com\/fr\/wp-json\/wp\/v2\/media\/12045"}],"wp:attachment":[{"href":"https:\/\/trade.colart.com\/fr\/wp-json\/wp\/v2\/media?parent=9546"}],"wp:term":[{"taxonomy":"product_brand","embeddable":true,"href":"https:\/\/trade.colart.com\/fr\/wp-json\/wp\/v2\/product_brand?post=9546"},{"taxonomy":"product_cat","embeddable":true,"href":"https:\/\/trade.colart.com\/fr\/wp-json\/wp\/v2\/product_cat?post=9546"},{"taxonomy":"product_tag","embeddable":true,"href":"https:\/\/trade.colart.com\/fr\/wp-json\/wp\/v2\/product_tag?post=9546"}],"curies":[{"name":"wp","href":"https:\/\/api.w.org\/{rel}","templated":true}]}}