{"id":9557,"date":"2026-03-13T01:58:34","date_gmt":"2026-03-13T01:58:34","guid":{"rendered":"https:\/\/trade.colart.com\/fr\/product\/liquitex-professional-acrylique-gouache-set-6x59ml-couleurs-primaires\/"},"modified":"2026-04-15T09:48:24","modified_gmt":"2026-04-15T09:48:24","slug":"liquitex-professional-acrylique-gouache-set-6x59ml-couleurs-primaires","status":"publish","type":"product","link":"https:\/\/trade.colart.com\/fr\/product\/liquitex-professional-acrylique-gouache-set-6x59ml-couleurs-primaires\/","title":{"rendered":"Liquitex Professional Acrylique Gouache Set 6x59ml Couleurs Primaires"},"content":{"rendered":"<p>La gamme Acrylic Gouache est la plus pigment\u00e9e de toutes nos peintures. Ce set de couleurs vous offre des possibilit\u00e9s de m\u00e9langes infinies. Le Blanc de Titane et le Noir de Mars peuvent \u00eatre utilis\u00e9s seuls ou pour cr\u00e9er des teintes et des nuances.<\/p>\n","protected":false},"excerpt":{"rendered":"<p>La gamme Acrylic Gouache est la plus pigment\u00e9e de toutes nos peintures. Ce set de couleurs vous offre des possibilit\u00e9s de m\u00e9langes infinies. Le Blanc de Titane et le Noir de Mars peuvent \u00eatre utilis\u00e9s seuls ou pour cr\u00e9er des teintes et des nuances. <span class=\"more_dots\">&#8230;<\/span><\/p>\n<p><a class=\"btn btn-secondary understrap-read-more-link\" href=\"https:\/\/trade.colart.com\/fr\/product\/liquitex-professional-acrylique-gouache-set-6x59ml-couleurs-primaires\/\">Read More&#8230;<span class=\"screen-reader-text\"> from Liquitex Professional Acrylique Gouache Set 6x59ml Couleurs Primaires<\/span><\/a><\/p>\n","protected":false},"featured_media":12098,"comment_status":"closed","ping_status":"closed","template":"","meta":{"_acf_changed":false},"product_brand":[],"product_cat":[1102,1099,1100],"product_tag":[],"class_list":{"0":"post-9557","1":"product","2":"type-product","3":"status-publish","4":"has-post-thumbnail","6":"product_cat-liquitex-produit-gamme-acrylique-professionnelle-couleurs-acrylic-gouache-sets-acrylic-gouache","7":"product_cat-liquitex-produit-gamme-acrylique-professionnelle-sets-sets-couleurs","8":"product_cat-liquitex-produit-gamme-acrylique-professionnelle-sets-voir-tout","10":"first","11":"instock","12":"shipping-taxable","13":"purchasable","14":"product-type-simple"},"acf":[],"_links":{"self":[{"href":"https:\/\/trade.colart.com\/fr\/wp-json\/wp\/v2\/product\/9557","targetHints":{"allow":["GET"]}}],"collection":[{"href":"https:\/\/trade.colart.com\/fr\/wp-json\/wp\/v2\/product"}],"about":[{"href":"https:\/\/trade.colart.com\/fr\/wp-json\/wp\/v2\/types\/product"}],"replies":[{"embeddable":true,"href":"https:\/\/trade.colart.com\/fr\/wp-json\/wp\/v2\/comments?post=9557"}],"wp:featuredmedia":[{"embeddable":true,"href":"https:\/\/trade.colart.com\/fr\/wp-json\/wp\/v2\/media\/12098"}],"wp:attachment":[{"href":"https:\/\/trade.colart.com\/fr\/wp-json\/wp\/v2\/media?parent=9557"}],"wp:term":[{"taxonomy":"product_brand","embeddable":true,"href":"https:\/\/trade.colart.com\/fr\/wp-json\/wp\/v2\/product_brand?post=9557"},{"taxonomy":"product_cat","embeddable":true,"href":"https:\/\/trade.colart.com\/fr\/wp-json\/wp\/v2\/product_cat?post=9557"},{"taxonomy":"product_tag","embeddable":true,"href":"https:\/\/trade.colart.com\/fr\/wp-json\/wp\/v2\/product_tag?post=9557"}],"curies":[{"name":"wp","href":"https:\/\/api.w.org\/{rel}","templated":true}]}}