{"id":9561,"date":"2026-03-12T23:53:19","date_gmt":"2026-03-12T23:53:19","guid":{"rendered":"https:\/\/trade.colart.com\/fr\/product\/liquitex-set-6-markers-pointe-fine\/"},"modified":"2026-04-17T08:03:40","modified_gmt":"2026-04-17T08:03:40","slug":"liquitex-set-6-markers-pointe-fine","status":"publish","type":"product","link":"https:\/\/trade.colart.com\/fr\/product\/liquitex-set-6-markers-pointe-fine\/","title":{"rendered":"Liquitex Set 6 Markers Pointe Fine"},"content":{"rendered":"<p>Fabriqu\u00e9 avec des pigments de qualit\u00e9 beaux-arts tr\u00e8s r\u00e9sistants \u00e0 la lumi\u00e8re, le marqueur acrylique vous offre un contr\u00f4le optimal et son encre r\u00e9siste \u00e0 l&#8217;eau lorsqu&#8217;elle est s\u00e8che. \u00c9largissez votre palette avec cet assortiment de six couleurs classiques.<\/p>\n","protected":false},"excerpt":{"rendered":"<p>Fabriqu\u00e9 avec des pigments de qualit\u00e9 beaux-arts tr\u00e8s r\u00e9sistants \u00e0 la lumi\u00e8re, le marqueur acrylique vous offre un contr\u00f4le optimal et son encre r\u00e9siste \u00e0 l&#8217;eau lorsqu&#8217;elle est s\u00e8che. \u00c9largissez votre palette avec cet assortiment de six couleurs classiques. <span class=\"more_dots\">&#8230;<\/span><\/p>\n<p><a class=\"btn btn-secondary understrap-read-more-link\" href=\"https:\/\/trade.colart.com\/fr\/product\/liquitex-set-6-markers-pointe-fine\/\">Read More&#8230;<span class=\"screen-reader-text\"> from Liquitex Set 6 Markers Pointe Fine<\/span><\/a><\/p>\n","protected":false},"featured_media":12123,"comment_status":"closed","ping_status":"closed","template":"","meta":{"_acf_changed":false},"product_brand":[],"product_cat":[2386,1099,1100],"product_tag":[],"class_list":{"0":"post-9561","1":"product","2":"type-product","3":"status-publish","4":"has-post-thumbnail","6":"product_cat-liquitex-produit-gamme-acrylique-professionnelle-couleurs-acrylic-marker-acrylique-marqueur-sets","7":"product_cat-liquitex-produit-gamme-acrylique-professionnelle-sets-sets-couleurs","8":"product_cat-liquitex-produit-gamme-acrylique-professionnelle-sets-voir-tout","10":"first","11":"instock","12":"shipping-taxable","13":"purchasable","14":"product-type-simple"},"acf":[],"_links":{"self":[{"href":"https:\/\/trade.colart.com\/fr\/wp-json\/wp\/v2\/product\/9561","targetHints":{"allow":["GET"]}}],"collection":[{"href":"https:\/\/trade.colart.com\/fr\/wp-json\/wp\/v2\/product"}],"about":[{"href":"https:\/\/trade.colart.com\/fr\/wp-json\/wp\/v2\/types\/product"}],"replies":[{"embeddable":true,"href":"https:\/\/trade.colart.com\/fr\/wp-json\/wp\/v2\/comments?post=9561"}],"wp:featuredmedia":[{"embeddable":true,"href":"https:\/\/trade.colart.com\/fr\/wp-json\/wp\/v2\/media\/12123"}],"wp:attachment":[{"href":"https:\/\/trade.colart.com\/fr\/wp-json\/wp\/v2\/media?parent=9561"}],"wp:term":[{"taxonomy":"product_brand","embeddable":true,"href":"https:\/\/trade.colart.com\/fr\/wp-json\/wp\/v2\/product_brand?post=9561"},{"taxonomy":"product_cat","embeddable":true,"href":"https:\/\/trade.colart.com\/fr\/wp-json\/wp\/v2\/product_cat?post=9561"},{"taxonomy":"product_tag","embeddable":true,"href":"https:\/\/trade.colart.com\/fr\/wp-json\/wp\/v2\/product_tag?post=9561"}],"curies":[{"name":"wp","href":"https:\/\/api.w.org\/{rel}","templated":true}]}}