{"id":9562,"date":"2026-03-12T23:54:48","date_gmt":"2026-03-12T23:54:48","guid":{"rendered":"https:\/\/trade.colart.com\/fr\/product\/liquitex-set-3-markers-pointe-fine-best-sellers\/"},"modified":"2026-04-15T08:56:34","modified_gmt":"2026-04-15T08:56:34","slug":"liquitex-set-3-markers-pointe-fine-best-sellers","status":"publish","type":"product","link":"https:\/\/trade.colart.com\/fr\/product\/liquitex-set-3-markers-pointe-fine-best-sellers\/","title":{"rendered":"Liquitex Set 3 Markers Pointe Fine Best Sellers"},"content":{"rendered":"<p>Fabriqu\u00e9 avec des pigments de qualit\u00e9 beaux-arts tr\u00e8s r\u00e9sistants \u00e0 la lumi\u00e8re, le marqueur acrylique vous offre un contr\u00f4le optimal et son encre r\u00e9siste \u00e0 l&#8217;eau lorsqu&#8217;elle est s\u00e8che. D\u00e9couvrez trois couleurs audacieuses avec ce set de marqueurs \u00e0 pointe fine.<\/p>\n","protected":false},"excerpt":{"rendered":"<p>Fabriqu\u00e9 avec des pigments de qualit\u00e9 beaux-arts tr\u00e8s r\u00e9sistants \u00e0 la lumi\u00e8re, le marqueur acrylique vous offre un contr\u00f4le optimal et son encre r\u00e9siste \u00e0 l&#8217;eau lorsqu&#8217;elle est s\u00e8che. D\u00e9couvrez trois couleurs audacieuses avec ce set de marqueurs \u00e0 pointe fine. <span class=\"more_dots\">&#8230;<\/span><\/p>\n<p><a class=\"btn btn-secondary understrap-read-more-link\" href=\"https:\/\/trade.colart.com\/fr\/product\/liquitex-set-3-markers-pointe-fine-best-sellers\/\">Read More&#8230;<span class=\"screen-reader-text\"> from Liquitex Set 3 Markers Pointe Fine Best Sellers<\/span><\/a><\/p>\n","protected":false},"featured_media":12127,"comment_status":"closed","ping_status":"closed","template":"","meta":{"_acf_changed":false},"product_brand":[],"product_cat":[2386,1099,1100],"product_tag":[],"class_list":{"0":"post-9562","1":"product","2":"type-product","3":"status-publish","4":"has-post-thumbnail","6":"product_cat-liquitex-produit-gamme-acrylique-professionnelle-couleurs-acrylic-marker-acrylique-marqueur-sets","7":"product_cat-liquitex-produit-gamme-acrylique-professionnelle-sets-sets-couleurs","8":"product_cat-liquitex-produit-gamme-acrylique-professionnelle-sets-voir-tout","10":"first","11":"instock","12":"shipping-taxable","13":"purchasable","14":"product-type-simple"},"acf":[],"_links":{"self":[{"href":"https:\/\/trade.colart.com\/fr\/wp-json\/wp\/v2\/product\/9562","targetHints":{"allow":["GET"]}}],"collection":[{"href":"https:\/\/trade.colart.com\/fr\/wp-json\/wp\/v2\/product"}],"about":[{"href":"https:\/\/trade.colart.com\/fr\/wp-json\/wp\/v2\/types\/product"}],"replies":[{"embeddable":true,"href":"https:\/\/trade.colart.com\/fr\/wp-json\/wp\/v2\/comments?post=9562"}],"wp:featuredmedia":[{"embeddable":true,"href":"https:\/\/trade.colart.com\/fr\/wp-json\/wp\/v2\/media\/12127"}],"wp:attachment":[{"href":"https:\/\/trade.colart.com\/fr\/wp-json\/wp\/v2\/media?parent=9562"}],"wp:term":[{"taxonomy":"product_brand","embeddable":true,"href":"https:\/\/trade.colart.com\/fr\/wp-json\/wp\/v2\/product_brand?post=9562"},{"taxonomy":"product_cat","embeddable":true,"href":"https:\/\/trade.colart.com\/fr\/wp-json\/wp\/v2\/product_cat?post=9562"},{"taxonomy":"product_tag","embeddable":true,"href":"https:\/\/trade.colart.com\/fr\/wp-json\/wp\/v2\/product_tag?post=9562"}],"curies":[{"name":"wp","href":"https:\/\/api.w.org\/{rel}","templated":true}]}}