{"id":9568,"date":"2026-03-13T00:07:04","date_gmt":"2026-03-13T00:07:04","guid":{"rendered":"https:\/\/trade.colart.com\/fr\/product\/liquitex-encre-acrylique-ink-set-collection-couleurs-feutr%c3%a9es-blanc\/"},"modified":"2026-04-15T11:01:33","modified_gmt":"2026-04-15T11:01:33","slug":"liquitex-encre-acrylique-ink-set-collection-couleurs-feutr%c3%a9es-blanc","status":"publish","type":"product","link":"https:\/\/trade.colart.com\/fr\/product\/liquitex-encre-acrylique-ink-set-collection-couleurs-feutr%c3%a9es-blanc\/","title":{"rendered":"Liquitex Encre Acrylique Ink Set Collection Couleurs Feutr\u00e9es + Blanc"},"content":{"rendered":"<p>D\u00e9couvrez l&#8217;encre Acrylic Ink, notre acrylique professionnelle ultra-fluide. Ce set, \u00e0 l&#8217;origine sorti en \u00e9dition limit\u00e9e, est d\u00e9sormais permanent. Il contient un assortiment de couleurs feutr\u00e9es et un Blanc de Titane pour cr\u00e9er des teintes et des pastels.<\/p>\n","protected":false},"excerpt":{"rendered":"<p>D\u00e9couvrez l&#8217;encre Acrylic Ink, notre acrylique professionnelle ultra-fluide. Ce set, \u00e0 l&#8217;origine sorti en \u00e9dition limit\u00e9e, est d\u00e9sormais permanent. Il contient un assortiment de couleurs feutr\u00e9es et un Blanc de Titane pour cr\u00e9er des teintes et des pastels. <span class=\"more_dots\">&#8230;<\/span><\/p>\n<p><a class=\"btn btn-secondary understrap-read-more-link\" href=\"https:\/\/trade.colart.com\/fr\/product\/liquitex-encre-acrylique-ink-set-collection-couleurs-feutr%c3%a9es-blanc\/\">Read More&#8230;<span class=\"screen-reader-text\"> from Liquitex Encre Acrylique Ink Set Collection Couleurs Feutr\u00e9es + Blanc<\/span><\/a><\/p>\n","protected":false},"featured_media":12162,"comment_status":"closed","ping_status":"closed","template":"","meta":{"_acf_changed":false},"product_brand":[],"product_cat":[1105],"product_tag":[],"class_list":{"0":"post-9568","1":"product","2":"type-product","3":"status-publish","4":"has-post-thumbnail","6":"product_cat-liquitex-produit-gamme-acrylique-professionnelle-couleurs-encres-acryliques-extra-fines-ink-sets-encres-acryliques-extra-fines-ink","8":"first","9":"instock","10":"shipping-taxable","11":"purchasable","12":"product-type-simple"},"acf":[],"_links":{"self":[{"href":"https:\/\/trade.colart.com\/fr\/wp-json\/wp\/v2\/product\/9568","targetHints":{"allow":["GET"]}}],"collection":[{"href":"https:\/\/trade.colart.com\/fr\/wp-json\/wp\/v2\/product"}],"about":[{"href":"https:\/\/trade.colart.com\/fr\/wp-json\/wp\/v2\/types\/product"}],"replies":[{"embeddable":true,"href":"https:\/\/trade.colart.com\/fr\/wp-json\/wp\/v2\/comments?post=9568"}],"wp:featuredmedia":[{"embeddable":true,"href":"https:\/\/trade.colart.com\/fr\/wp-json\/wp\/v2\/media\/12162"}],"wp:attachment":[{"href":"https:\/\/trade.colart.com\/fr\/wp-json\/wp\/v2\/media?parent=9568"}],"wp:term":[{"taxonomy":"product_brand","embeddable":true,"href":"https:\/\/trade.colart.com\/fr\/wp-json\/wp\/v2\/product_brand?post=9568"},{"taxonomy":"product_cat","embeddable":true,"href":"https:\/\/trade.colart.com\/fr\/wp-json\/wp\/v2\/product_cat?post=9568"},{"taxonomy":"product_tag","embeddable":true,"href":"https:\/\/trade.colart.com\/fr\/wp-json\/wp\/v2\/product_tag?post=9568"}],"curies":[{"name":"wp","href":"https:\/\/api.w.org\/{rel}","templated":true}]}}