{"id":9571,"date":"2026-03-12T23:53:26","date_gmt":"2026-03-12T23:53:26","guid":{"rendered":"https:\/\/trade.colart.com\/fr\/product\/liquitex-set-6-marqueurs-pointe-large-couleurs-fluorescentes\/"},"modified":"2026-04-08T08:02:56","modified_gmt":"2026-04-08T08:02:56","slug":"liquitex-set-6-marqueurs-pointe-large-couleurs-fluorescentes","status":"publish","type":"product","link":"https:\/\/trade.colart.com\/fr\/product\/liquitex-set-6-marqueurs-pointe-large-couleurs-fluorescentes\/","title":{"rendered":"Liquitex Set 6 Marqueurs Pointe Large Couleurs Fluorescentes"},"content":{"rendered":"<p>Fabriqu\u00e9 avec des pigments de qualit\u00e9 beaux-arts tr\u00e8s r\u00e9sistants \u00e0 la lumi\u00e8re, le marqueur acrylique vous offre un contr\u00f4le optimal. Ajoutez une nouvelle dimension \u00e0 votre palette avec cet assortiment de couleurs fluorescentes &#8211; parfaites pour cr\u00e9er des reflets et des effets impactants.<\/p>\n","protected":false},"excerpt":{"rendered":"<p>Fabriqu\u00e9 avec des pigments de qualit\u00e9 beaux-arts tr\u00e8s r\u00e9sistants \u00e0 la lumi\u00e8re, le marqueur acrylique vous offre un contr\u00f4le optimal. Ajoutez une nouvelle dimension \u00e0 votre palette avec cet assortiment de couleurs fluorescentes &#8211; parfaites pour cr\u00e9er des reflets et des effets impactants. <span class=\"more_dots\">&#8230;<\/span><\/p>\n<p><a class=\"btn btn-secondary understrap-read-more-link\" href=\"https:\/\/trade.colart.com\/fr\/product\/liquitex-set-6-marqueurs-pointe-large-couleurs-fluorescentes\/\">Read More&#8230;<span class=\"screen-reader-text\"> from Liquitex Set 6 Marqueurs Pointe Large Couleurs Fluorescentes<\/span><\/a><\/p>\n","protected":false},"featured_media":12176,"comment_status":"closed","ping_status":"closed","template":"","meta":{"_acf_changed":false},"product_brand":[],"product_cat":[1099],"product_tag":[],"class_list":{"0":"post-9571","1":"product","2":"type-product","3":"status-publish","4":"has-post-thumbnail","6":"product_cat-liquitex-produit-gamme-acrylique-professionnelle-sets-sets-couleurs","8":"first","9":"instock","10":"shipping-taxable","11":"purchasable","12":"product-type-simple"},"acf":[],"_links":{"self":[{"href":"https:\/\/trade.colart.com\/fr\/wp-json\/wp\/v2\/product\/9571","targetHints":{"allow":["GET"]}}],"collection":[{"href":"https:\/\/trade.colart.com\/fr\/wp-json\/wp\/v2\/product"}],"about":[{"href":"https:\/\/trade.colart.com\/fr\/wp-json\/wp\/v2\/types\/product"}],"replies":[{"embeddable":true,"href":"https:\/\/trade.colart.com\/fr\/wp-json\/wp\/v2\/comments?post=9571"}],"wp:featuredmedia":[{"embeddable":true,"href":"https:\/\/trade.colart.com\/fr\/wp-json\/wp\/v2\/media\/12176"}],"wp:attachment":[{"href":"https:\/\/trade.colart.com\/fr\/wp-json\/wp\/v2\/media?parent=9571"}],"wp:term":[{"taxonomy":"product_brand","embeddable":true,"href":"https:\/\/trade.colart.com\/fr\/wp-json\/wp\/v2\/product_brand?post=9571"},{"taxonomy":"product_cat","embeddable":true,"href":"https:\/\/trade.colart.com\/fr\/wp-json\/wp\/v2\/product_cat?post=9571"},{"taxonomy":"product_tag","embeddable":true,"href":"https:\/\/trade.colart.com\/fr\/wp-json\/wp\/v2\/product_tag?post=9571"}],"curies":[{"name":"wp","href":"https:\/\/api.w.org\/{rel}","templated":true}]}}