{"id":9573,"date":"2026-03-13T00:07:22","date_gmt":"2026-03-13T00:07:22","guid":{"rendered":"https:\/\/trade.colart.com\/fr\/product\/liquitex-professional-heavy-body-set-collection-couleurs-feutr%c3%a9es-blanc\/"},"modified":"2026-04-02T09:16:28","modified_gmt":"2026-04-02T09:16:28","slug":"liquitex-professional-heavy-body-set-collection-couleurs-feutr%c3%a9es-blanc","status":"publish","type":"product","link":"https:\/\/trade.colart.com\/fr\/product\/liquitex-professional-heavy-body-set-collection-couleurs-feutr%c3%a9es-blanc\/","title":{"rendered":"Liquitex Professional Heavy Body Set Collection Couleurs Feutr\u00e9es + Blanc"},"content":{"rendered":"<p>Heavy Body Acrylic est notre acrylique professionnelle \u00e0 la viscosit\u00e9 la plus \u00e9lev\u00e9e. Ce set, \u00e0 l&#8217;origine sorti en \u00e9dition limit\u00e9e, est d\u00e9sormais permanent. Il contient un assortiment de couleurs feutr\u00e9es et un Blanc de Titane pour cr\u00e9er des teintes et des pastels.<\/p>\n","protected":false},"excerpt":{"rendered":"<p>Heavy Body Acrylic est notre acrylique professionnelle \u00e0 la viscosit\u00e9 la plus \u00e9lev\u00e9e. Ce set, \u00e0 l&#8217;origine sorti en \u00e9dition limit\u00e9e, est d\u00e9sormais permanent. Il contient un assortiment de couleurs feutr\u00e9es et un Blanc de Titane pour cr\u00e9er des teintes et des pastels. <span class=\"more_dots\">&#8230;<\/span><\/p>\n<p><a class=\"btn btn-secondary understrap-read-more-link\" href=\"https:\/\/trade.colart.com\/fr\/product\/liquitex-professional-heavy-body-set-collection-couleurs-feutr%c3%a9es-blanc\/\">Read More&#8230;<span class=\"screen-reader-text\"> from Liquitex Professional Heavy Body Set Collection Couleurs Feutr\u00e9es + Blanc<\/span><\/a><\/p>\n","protected":false},"featured_media":12191,"comment_status":"closed","ping_status":"closed","template":"","meta":{"_acf_changed":false},"product_brand":[],"product_cat":[1094,1099,1100],"product_tag":[],"class_list":{"0":"post-9573","1":"product","2":"type-product","3":"status-publish","4":"has-post-thumbnail","6":"product_cat-liquitex-produit-gamme-acrylique-professionnelle-couleurs-heavy-body-acrylic-sets-heavy-body-acrylic","7":"product_cat-liquitex-produit-gamme-acrylique-professionnelle-sets-sets-couleurs","8":"product_cat-liquitex-produit-gamme-acrylique-professionnelle-sets-voir-tout","10":"first","11":"instock","12":"shipping-taxable","13":"purchasable","14":"product-type-simple"},"acf":[],"_links":{"self":[{"href":"https:\/\/trade.colart.com\/fr\/wp-json\/wp\/v2\/product\/9573","targetHints":{"allow":["GET"]}}],"collection":[{"href":"https:\/\/trade.colart.com\/fr\/wp-json\/wp\/v2\/product"}],"about":[{"href":"https:\/\/trade.colart.com\/fr\/wp-json\/wp\/v2\/types\/product"}],"replies":[{"embeddable":true,"href":"https:\/\/trade.colart.com\/fr\/wp-json\/wp\/v2\/comments?post=9573"}],"wp:featuredmedia":[{"embeddable":true,"href":"https:\/\/trade.colart.com\/fr\/wp-json\/wp\/v2\/media\/12191"}],"wp:attachment":[{"href":"https:\/\/trade.colart.com\/fr\/wp-json\/wp\/v2\/media?parent=9573"}],"wp:term":[{"taxonomy":"product_brand","embeddable":true,"href":"https:\/\/trade.colart.com\/fr\/wp-json\/wp\/v2\/product_brand?post=9573"},{"taxonomy":"product_cat","embeddable":true,"href":"https:\/\/trade.colart.com\/fr\/wp-json\/wp\/v2\/product_cat?post=9573"},{"taxonomy":"product_tag","embeddable":true,"href":"https:\/\/trade.colart.com\/fr\/wp-json\/wp\/v2\/product_tag?post=9573"}],"curies":[{"name":"wp","href":"https:\/\/api.w.org\/{rel}","templated":true}]}}