{"id":9574,"date":"2026-03-13T00:07:44","date_gmt":"2026-03-13T00:07:44","guid":{"rendered":"https:\/\/trade.colart.com\/fr\/product\/liquitex-basics-acrylic-papier-300g-a5\/"},"modified":"2026-04-16T09:43:31","modified_gmt":"2026-04-16T09:43:31","slug":"liquitex-bloc-papier-basics-a5","status":"publish","type":"product","link":"https:\/\/trade.colart.com\/fr\/product\/liquitex-bloc-papier-basics-a5\/","title":{"rendered":"Liquitex Bloc Papier Basics &#8211; A5"},"content":{"rendered":"<p>Mettez de la couleur sur papier avec ces blocs de papier ultra- pratiques. Lorsque vous ne souhaitez pas utiliser une toile, mais que vous avez besoin de quelque chose de fiable, voici ce qu&#8217;il vous faut. 12 feuilles de papier blanc sans acide \u00e0 la texture subtile de la toile, coll\u00e9es ensemble et faciles \u00e0 stocker. Une surface parfaite pour l&#8217;acrylique, dans un choix de trois tailles.<\/p>\n","protected":false},"excerpt":{"rendered":"<p>Mettez de la couleur sur papier avec ces blocs de papier ultra- pratiques. Lorsque vous ne souhaitez pas utiliser une toile, mais que vous avez besoin de quelque chose de fiable, voici ce qu&#8217;il vous faut. 12 feuilles de papier blanc sans acide \u00e0 la texture subtile de la toile, coll\u00e9es ensemble et faciles \u00e0 stocker. Une surface parfaite pour l&#8217;acrylique, dans un choix de trois tailles. <span class=\"more_dots\">&#8230;<\/span><\/p>\n<p><a class=\"btn btn-secondary understrap-read-more-link\" href=\"https:\/\/trade.colart.com\/fr\/product\/liquitex-bloc-papier-basics-a5\/\">Read More&#8230;<span class=\"screen-reader-text\"> from Liquitex Bloc Papier Basics &#8211; A5<\/span><\/a><\/p>\n","protected":false},"featured_media":12193,"comment_status":"closed","ping_status":"closed","template":"","meta":{"_acf_changed":false},"product_brand":[],"product_cat":[1106],"product_tag":[],"class_list":{"0":"post-9574","1":"product","2":"type-product","3":"status-publish","4":"has-post-thumbnail","6":"product_cat-liquitex-produit-gamme-acrylique-basics-papier-basics","8":"first","9":"instock","10":"shipping-taxable","11":"purchasable","12":"product-type-simple"},"acf":[],"_links":{"self":[{"href":"https:\/\/trade.colart.com\/fr\/wp-json\/wp\/v2\/product\/9574","targetHints":{"allow":["GET"]}}],"collection":[{"href":"https:\/\/trade.colart.com\/fr\/wp-json\/wp\/v2\/product"}],"about":[{"href":"https:\/\/trade.colart.com\/fr\/wp-json\/wp\/v2\/types\/product"}],"replies":[{"embeddable":true,"href":"https:\/\/trade.colart.com\/fr\/wp-json\/wp\/v2\/comments?post=9574"}],"wp:featuredmedia":[{"embeddable":true,"href":"https:\/\/trade.colart.com\/fr\/wp-json\/wp\/v2\/media\/12193"}],"wp:attachment":[{"href":"https:\/\/trade.colart.com\/fr\/wp-json\/wp\/v2\/media?parent=9574"}],"wp:term":[{"taxonomy":"product_brand","embeddable":true,"href":"https:\/\/trade.colart.com\/fr\/wp-json\/wp\/v2\/product_brand?post=9574"},{"taxonomy":"product_cat","embeddable":true,"href":"https:\/\/trade.colart.com\/fr\/wp-json\/wp\/v2\/product_cat?post=9574"},{"taxonomy":"product_tag","embeddable":true,"href":"https:\/\/trade.colart.com\/fr\/wp-json\/wp\/v2\/product_tag?post=9574"}],"curies":[{"name":"wp","href":"https:\/\/api.w.org\/{rel}","templated":true}]}}