{"id":19566,"date":"2026-03-12T16:02:14","date_gmt":"2026-03-12T16:02:14","guid":{"rendered":"https:\/\/trade.colart.com\/it\/product\/cont%c3%a9-%c3%a0-paris-stump-length-129-mm-diameter-7-5-mm\/"},"modified":"2026-04-10T10:06:52","modified_gmt":"2026-04-10T10:06:52","slug":"cont%c3%a9-%c3%a0-paris-sfumino-cont%c3%a9-7-5-mm-n943","status":"publish","type":"product","link":"https:\/\/trade.colart.com\/it\/product\/cont%c3%a9-%c3%a0-paris-sfumino-cont%c3%a9-7-5-mm-n943\/","title":{"rendered":"Cont\u00e9 \u00e0 Paris Sfumino Cont\u00e9 7.5 Mm N943"},"content":{"rendered":"<p>CAP ACCESSORY TOOL 0943000 STUMP 7.5MM DIA<\/p>\n","protected":false},"excerpt":{"rendered":"<p>CAP ACCESSORY TOOL 0943000 STUMP 7.5MM DIA <span class=\"more_dots\">&#8230;<\/span><\/p>\n<p><a class=\"btn btn-secondary understrap-read-more-link\" href=\"https:\/\/trade.colart.com\/it\/product\/cont%c3%a9-%c3%a0-paris-sfumino-cont%c3%a9-7-5-mm-n943\/\">Read More&#8230;<span class=\"screen-reader-text\"> from Cont\u00e9 \u00e0 Paris Sfumino Cont\u00e9 7.5 Mm N943<\/span><\/a><\/p>\n","protected":false},"featured_media":19570,"template":"","meta":{"_acf_changed":false},"product_brand":[],"product_cat":[2942],"product_tag":[],"class_list":{"0":"post-19566","1":"product","2":"type-product","3":"status-publish","4":"has-post-thumbnail","6":"product_cat-conte-a-paris-accessori","8":"first","9":"instock","10":"shipping-taxable","11":"purchasable","12":"product-type-simple"},"acf":[],"_links":{"self":[{"href":"https:\/\/trade.colart.com\/it\/wp-json\/wp\/v2\/product\/19566","targetHints":{"allow":["GET"]}}],"collection":[{"href":"https:\/\/trade.colart.com\/it\/wp-json\/wp\/v2\/product"}],"about":[{"href":"https:\/\/trade.colart.com\/it\/wp-json\/wp\/v2\/types\/product"}],"wp:featuredmedia":[{"embeddable":true,"href":"https:\/\/trade.colart.com\/it\/wp-json\/wp\/v2\/media\/19570"}],"wp:attachment":[{"href":"https:\/\/trade.colart.com\/it\/wp-json\/wp\/v2\/media?parent=19566"}],"wp:term":[{"taxonomy":"product_brand","embeddable":true,"href":"https:\/\/trade.colart.com\/it\/wp-json\/wp\/v2\/product_brand?post=19566"},{"taxonomy":"product_cat","embeddable":true,"href":"https:\/\/trade.colart.com\/it\/wp-json\/wp\/v2\/product_cat?post=19566"},{"taxonomy":"product_tag","embeddable":true,"href":"https:\/\/trade.colart.com\/it\/wp-json\/wp\/v2\/product_tag?post=19566"}],"curies":[{"name":"wp","href":"https:\/\/api.w.org\/{rel}","templated":true}]}}