{"id":66637,"date":"2026-03-12T19:43:29","date_gmt":"2026-03-12T19:43:29","guid":{"rendered":"https:\/\/trade.colart.com\/it\/product\/cont%c3%a9-%c3%a0-paris-cont%c3%a9-%c3%a0-paris-carre-esquisse-blister-de-2-sanguine-medicis-2\/"},"modified":"2026-04-08T17:43:22","modified_gmt":"2026-04-08T17:43:22","slug":"cont%c3%a9-%c3%a0-paris-cont%c3%a9-%c3%a0-paris-carre-esquisse-blister-de-2-sanguine-medicis-2","status":"publish","type":"product","link":"https:\/\/trade.colart.com\/it\/product\/cont%c3%a9-%c3%a0-paris-cont%c3%a9-%c3%a0-paris-carre-esquisse-blister-de-2-sanguine-medicis-2\/","title":{"rendered":"Cont\u00e9 \u00e0 Paris Cont\u00e9 \u00e0 Paris Carre Esquisse Blister de 2 Sanguine Medicis"},"content":{"rendered":"<p>CAP CARRE SKETCHING X2 BLI SANGUINE MEDICIS<\/p>\n","protected":false},"excerpt":{"rendered":"<p>CAP CARRE SKETCHING X2 BLI SANGUINE MEDICIS <span class=\"more_dots\">&#8230;<\/span><\/p>\n<p><a class=\"btn btn-secondary understrap-read-more-link\" href=\"https:\/\/trade.colart.com\/it\/product\/cont%c3%a9-%c3%a0-paris-cont%c3%a9-%c3%a0-paris-carre-esquisse-blister-de-2-sanguine-medicis-2\/\">Read More&#8230;<span class=\"screen-reader-text\"> from Cont\u00e9 \u00e0 Paris Cont\u00e9 \u00e0 Paris Carre Esquisse Blister de 2 Sanguine Medicis<\/span><\/a><\/p>\n","protected":false},"featured_media":0,"template":"","meta":{"_acf_changed":false},"product_brand":[],"product_cat":[2941],"product_tag":[],"class_list":{"0":"post-66637","1":"product","2":"type-product","3":"status-publish","5":"product_cat-conte-a-paris-carre-per-schizzo-carre-per-schizzo-confezioni","7":"first","8":"instock","9":"shipping-taxable","10":"purchasable","11":"product-type-simple"},"acf":[],"_links":{"self":[{"href":"https:\/\/trade.colart.com\/it\/wp-json\/wp\/v2\/product\/66637","targetHints":{"allow":["GET"]}}],"collection":[{"href":"https:\/\/trade.colart.com\/it\/wp-json\/wp\/v2\/product"}],"about":[{"href":"https:\/\/trade.colart.com\/it\/wp-json\/wp\/v2\/types\/product"}],"wp:attachment":[{"href":"https:\/\/trade.colart.com\/it\/wp-json\/wp\/v2\/media?parent=66637"}],"wp:term":[{"taxonomy":"product_brand","embeddable":true,"href":"https:\/\/trade.colart.com\/it\/wp-json\/wp\/v2\/product_brand?post=66637"},{"taxonomy":"product_cat","embeddable":true,"href":"https:\/\/trade.colart.com\/it\/wp-json\/wp\/v2\/product_cat?post=66637"},{"taxonomy":"product_tag","embeddable":true,"href":"https:\/\/trade.colart.com\/it\/wp-json\/wp\/v2\/product_tag?post=66637"}],"curies":[{"name":"wp","href":"https:\/\/api.w.org\/{rel}","templated":true}]}}