{"id":66642,"date":"2026-03-12T19:43:03","date_gmt":"2026-03-12T19:43:03","guid":{"rendered":"https:\/\/trade.colart.com\/it\/product\/cont%c3%a9-%c3%a0-paris-cont%c3%a9-%c3%a0-paris-carre-esquisse-blister-de-2-noir-hb-2\/"},"modified":"2026-04-10T14:34:40","modified_gmt":"2026-04-10T14:34:40","slug":"cont%c3%a9-%c3%a0-paris-cont%c3%a9-%c3%a0-paris-carre-esquisse-blister-de-2-noir-hb-2","status":"publish","type":"product","link":"https:\/\/trade.colart.com\/it\/product\/cont%c3%a9-%c3%a0-paris-cont%c3%a9-%c3%a0-paris-carre-esquisse-blister-de-2-noir-hb-2\/","title":{"rendered":"Cont\u00e9 \u00e0 Paris Cont\u00e9 \u00e0 Paris Carre Esquisse Blister de 2 Noir HB"},"content":{"rendered":"<p>CAP CARRE SKETCHING X2 BLI PIERRE NOIRE HB<\/p>\n","protected":false},"excerpt":{"rendered":"<p>CAP CARRE SKETCHING X2 BLI PIERRE NOIRE HB <span class=\"more_dots\">&#8230;<\/span><\/p>\n<p><a class=\"btn btn-secondary understrap-read-more-link\" href=\"https:\/\/trade.colart.com\/it\/product\/cont%c3%a9-%c3%a0-paris-cont%c3%a9-%c3%a0-paris-carre-esquisse-blister-de-2-noir-hb-2\/\">Read More&#8230;<span class=\"screen-reader-text\"> from Cont\u00e9 \u00e0 Paris Cont\u00e9 \u00e0 Paris Carre Esquisse Blister de 2 Noir HB<\/span><\/a><\/p>\n","protected":false},"featured_media":83193,"template":"","meta":{"_acf_changed":false},"product_brand":[],"product_cat":[2941],"product_tag":[],"class_list":{"0":"post-66642","1":"product","2":"type-product","3":"status-publish","4":"has-post-thumbnail","6":"product_cat-conte-a-paris-carre-per-schizzo-carre-per-schizzo-confezioni","8":"first","9":"instock","10":"shipping-taxable","11":"purchasable","12":"product-type-simple"},"acf":[],"_links":{"self":[{"href":"https:\/\/trade.colart.com\/it\/wp-json\/wp\/v2\/product\/66642","targetHints":{"allow":["GET"]}}],"collection":[{"href":"https:\/\/trade.colart.com\/it\/wp-json\/wp\/v2\/product"}],"about":[{"href":"https:\/\/trade.colart.com\/it\/wp-json\/wp\/v2\/types\/product"}],"wp:featuredmedia":[{"embeddable":true,"href":"https:\/\/trade.colart.com\/it\/wp-json\/wp\/v2\/media\/83193"}],"wp:attachment":[{"href":"https:\/\/trade.colart.com\/it\/wp-json\/wp\/v2\/media?parent=66642"}],"wp:term":[{"taxonomy":"product_brand","embeddable":true,"href":"https:\/\/trade.colart.com\/it\/wp-json\/wp\/v2\/product_brand?post=66642"},{"taxonomy":"product_cat","embeddable":true,"href":"https:\/\/trade.colart.com\/it\/wp-json\/wp\/v2\/product_cat?post=66642"},{"taxonomy":"product_tag","embeddable":true,"href":"https:\/\/trade.colart.com\/it\/wp-json\/wp\/v2\/product_tag?post=66642"}],"curies":[{"name":"wp","href":"https:\/\/api.w.org\/{rel}","templated":true}]}}