{"id":141,"date":"2022-11-22T13:48:29","date_gmt":"2022-11-22T13:48:29","guid":{"rendered":"https:\/\/trade.colart.com\/na\/product\/conte-a-paris-colour-carre\/"},"modified":"2022-11-22T13:48:31","modified_gmt":"2022-11-22T13:48:31","slug":"conte-a-paris-colour-carre","status":"publish","type":"product","link":"https:\/\/trade.colart.com\/na\/product\/conte-a-paris-colour-carre\/","title":{"rendered":"Cont\u00e9 \u00e0 Paris Colour Carr\u00e9"},"content":{"rendered":"<p>.<\/p>\n","protected":false},"excerpt":{"rendered":"<p>. <span class=\"more_dots\">&#8230;<\/span><\/p>\n<p><a class=\"btn btn-secondary understrap-read-more-link\" href=\"https:\/\/trade.colart.com\/na\/product\/conte-a-paris-colour-carre\/\">Read More&#8230;<span class=\"screen-reader-text\"> from Cont\u00e9 \u00e0 Paris Colour Carr\u00e9<\/span><\/a><\/p>\n","protected":false},"featured_media":352,"comment_status":"closed","ping_status":"closed","template":"","meta":{"_acf_changed":false},"product_brand":[],"product_cat":[15],"product_tag":[],"class_list":{"0":"post-141","1":"product","2":"type-product","3":"status-publish","4":"has-post-thumbnail","6":"product_cat-uncategorized","7":"no-variations-price","8":"d-none","10":"first","11":"instock","12":"shipping-taxable","13":"purchasable","14":"product-type-variable"},"acf":[],"_links":{"self":[{"href":"https:\/\/trade.colart.com\/na\/wp-json\/wp\/v2\/product\/141","targetHints":{"allow":["GET"]}}],"collection":[{"href":"https:\/\/trade.colart.com\/na\/wp-json\/wp\/v2\/product"}],"about":[{"href":"https:\/\/trade.colart.com\/na\/wp-json\/wp\/v2\/types\/product"}],"replies":[{"embeddable":true,"href":"https:\/\/trade.colart.com\/na\/wp-json\/wp\/v2\/comments?post=141"}],"wp:featuredmedia":[{"embeddable":true,"href":"https:\/\/trade.colart.com\/na\/wp-json\/wp\/v2\/media\/352"}],"wp:attachment":[{"href":"https:\/\/trade.colart.com\/na\/wp-json\/wp\/v2\/media?parent=141"}],"wp:term":[{"taxonomy":"product_brand","embeddable":true,"href":"https:\/\/trade.colart.com\/na\/wp-json\/wp\/v2\/product_brand?post=141"},{"taxonomy":"product_cat","embeddable":true,"href":"https:\/\/trade.colart.com\/na\/wp-json\/wp\/v2\/product_cat?post=141"},{"taxonomy":"product_tag","embeddable":true,"href":"https:\/\/trade.colart.com\/na\/wp-json\/wp\/v2\/product_tag?post=141"}],"curies":[{"name":"wp","href":"https:\/\/api.w.org\/{rel}","templated":true}]}}