{"id":292,"date":"2026-03-12T15:56:15","date_gmt":"2026-03-12T15:56:15","guid":{"rendered":"https:\/\/trade.colart.com\/na\/product\/cont%c3%a9-%c3%a0-paris-sketching-carr%c3%a9s-grey\/"},"modified":"2026-04-24T13:57:32","modified_gmt":"2026-04-24T13:57:32","slug":"cont%c3%a9-%c3%a0-paris-sketching-carr%c3%a9s-grey","status":"publish","type":"product","link":"https:\/\/trade.colart.com\/na\/product\/cont%c3%a9-%c3%a0-paris-sketching-carr%c3%a9s-grey\/","title":{"rendered":"Cont\u00e9 \u00e0 Paris Sketching carr\u00e9s grey"},"content":{"rendered":"","protected":false},"excerpt":{"rendered":"<p> <span class=\"more_dots\">&#8230;<\/span><\/p>\n<p><a class=\"btn btn-secondary understrap-read-more-link\" href=\"https:\/\/trade.colart.com\/na\/product\/cont%c3%a9-%c3%a0-paris-sketching-carr%c3%a9s-grey\/\">Read More&#8230;<span class=\"screen-reader-text\"> from Cont\u00e9 \u00e0 Paris Sketching carr\u00e9s grey<\/span><\/a><\/p>\n","protected":false},"featured_media":439,"comment_status":"closed","ping_status":"closed","template":"","meta":{"_acf_changed":false},"product_brand":[],"product_cat":[824],"product_tag":[],"class_list":{"0":"post-292","1":"product","2":"type-product","3":"status-publish","4":"has-post-thumbnail","6":"product_cat-conte-a-paris-sketching-carre","8":"first","9":"instock","10":"shipping-taxable","11":"purchasable","12":"product-type-simple"},"acf":[],"_links":{"self":[{"href":"https:\/\/trade.colart.com\/na\/wp-json\/wp\/v2\/product\/292","targetHints":{"allow":["GET"]}}],"collection":[{"href":"https:\/\/trade.colart.com\/na\/wp-json\/wp\/v2\/product"}],"about":[{"href":"https:\/\/trade.colart.com\/na\/wp-json\/wp\/v2\/types\/product"}],"replies":[{"embeddable":true,"href":"https:\/\/trade.colart.com\/na\/wp-json\/wp\/v2\/comments?post=292"}],"wp:featuredmedia":[{"embeddable":true,"href":"https:\/\/trade.colart.com\/na\/wp-json\/wp\/v2\/media\/439"}],"wp:attachment":[{"href":"https:\/\/trade.colart.com\/na\/wp-json\/wp\/v2\/media?parent=292"}],"wp:term":[{"taxonomy":"product_brand","embeddable":true,"href":"https:\/\/trade.colart.com\/na\/wp-json\/wp\/v2\/product_brand?post=292"},{"taxonomy":"product_cat","embeddable":true,"href":"https:\/\/trade.colart.com\/na\/wp-json\/wp\/v2\/product_cat?post=292"},{"taxonomy":"product_tag","embeddable":true,"href":"https:\/\/trade.colart.com\/na\/wp-json\/wp\/v2\/product_tag?post=292"}],"curies":[{"name":"wp","href":"https:\/\/api.w.org\/{rel}","templated":true}]}}