{"id":325,"date":"2026-01-17T08:22:13","date_gmt":"2026-01-17T08:22:13","guid":{"rendered":"https:\/\/trade.colart.com\/na\/product\/cont%c3%a9-%c3%a0-paris-carr%c3%a9s-coloured-4-colours-set-of-24-matchboxes\/"},"modified":"2026-04-28T20:19:32","modified_gmt":"2026-04-28T20:19:32","slug":"cont%c3%a9-%c3%a0-paris-carr%c3%a9s-coloured-4-colours-set-of-24-matchboxes","status":"publish","type":"product","link":"https:\/\/trade.colart.com\/na\/product\/cont%c3%a9-%c3%a0-paris-carr%c3%a9s-coloured-4-colours-set-of-24-matchboxes\/","title":{"rendered":"Cont\u00e9 \u00e0 Paris Carr\u00e9s Coloured- 4 colours Set of 24 matchboxes"},"content":{"rendered":"","protected":false},"excerpt":{"rendered":"<p> <span class=\"more_dots\">&#8230;<\/span><\/p>\n<p><a class=\"btn btn-secondary understrap-read-more-link\" href=\"https:\/\/trade.colart.com\/na\/product\/cont%c3%a9-%c3%a0-paris-carr%c3%a9s-coloured-4-colours-set-of-24-matchboxes\/\">Read More&#8230;<span class=\"screen-reader-text\"> from Cont\u00e9 \u00e0 Paris Carr\u00e9s Coloured- 4 colours Set of 24 matchboxes<\/span><\/a><\/p>\n","protected":false},"featured_media":468,"comment_status":"closed","ping_status":"closed","template":"","meta":{"_acf_changed":false},"product_brand":[],"product_cat":[815],"product_tag":[],"class_list":{"0":"post-325","1":"product","2":"type-product","3":"status-publish","4":"has-post-thumbnail","6":"product_cat-conte-a-paris-colour-carre-colour-carre-set","8":"first","9":"instock","10":"shipping-taxable","11":"purchasable","12":"product-type-simple"},"acf":[],"_links":{"self":[{"href":"https:\/\/trade.colart.com\/na\/wp-json\/wp\/v2\/product\/325","targetHints":{"allow":["GET"]}}],"collection":[{"href":"https:\/\/trade.colart.com\/na\/wp-json\/wp\/v2\/product"}],"about":[{"href":"https:\/\/trade.colart.com\/na\/wp-json\/wp\/v2\/types\/product"}],"replies":[{"embeddable":true,"href":"https:\/\/trade.colart.com\/na\/wp-json\/wp\/v2\/comments?post=325"}],"wp:featuredmedia":[{"embeddable":true,"href":"https:\/\/trade.colart.com\/na\/wp-json\/wp\/v2\/media\/468"}],"wp:attachment":[{"href":"https:\/\/trade.colart.com\/na\/wp-json\/wp\/v2\/media?parent=325"}],"wp:term":[{"taxonomy":"product_brand","embeddable":true,"href":"https:\/\/trade.colart.com\/na\/wp-json\/wp\/v2\/product_brand?post=325"},{"taxonomy":"product_cat","embeddable":true,"href":"https:\/\/trade.colart.com\/na\/wp-json\/wp\/v2\/product_cat?post=325"},{"taxonomy":"product_tag","embeddable":true,"href":"https:\/\/trade.colart.com\/na\/wp-json\/wp\/v2\/product_tag?post=325"}],"curies":[{"name":"wp","href":"https:\/\/api.w.org\/{rel}","templated":true}]}}