{"id":23679,"date":"2025-02-13T16:43:51","date_gmt":"2025-02-13T16:43:51","guid":{"rendered":"https:\/\/trade.colart.com\/nl\/product\/lefranc-bourgeois-enfants-glitters\/"},"modified":"2026-04-07T06:25:30","modified_gmt":"2026-04-07T06:25:30","slug":"lefranc-bourgeois-enfants-glitters","status":"publish","type":"product","link":"https:\/\/trade.colart.com\/nl\/product\/lefranc-bourgeois-enfants-glitters\/","title":{"rendered":"Glitters"},"content":{"rendered":"<p>Budding young artists can let their imagination run wild with the unique texture of glitter paint and glitter gel! Ready to use, suitable for young children, and multi-supported.<\/p>\n","protected":false},"excerpt":{"rendered":"<p>Les graines d\u2019artistes peuvent laisser libre court \u00e0 leur imagination avec la texture si particuli\u00e8re de la peinture \u00e0 paillettes et des gel paillet\u00e9s ! Pr\u00eats \u00e0 l\u2019emploi, adapt\u00e9 \u00e0 l\u2019usage des jeunes enfants et multi supports. <span class=\"more_dots\">&#8230;<\/span><\/p>\n<p><a class=\"btn btn-secondary understrap-read-more-link\" href=\"https:\/\/trade.colart.com\/nl\/product\/lefranc-bourgeois-enfants-glitters\/\">Read More&#8230;<span class=\"screen-reader-text\"> from Glitters<\/span><\/a><\/p>\n","protected":false},"featured_media":27708,"comment_status":"closed","ping_status":"closed","template":"","meta":{"_acf_changed":false},"product_brand":[],"product_cat":[740],"product_tag":[],"class_list":{"0":"post-23679","1":"product","2":"type-product","3":"status-publish","4":"has-post-thumbnail","6":"product_cat-lefranc-bourgeois-enfants-4-glitters","8":"first","9":"instock","10":"shipping-taxable","11":"purchasable","12":"product-type-variable"},"acf":[],"_links":{"self":[{"href":"https:\/\/trade.colart.com\/nl\/wp-json\/wp\/v2\/product\/23679","targetHints":{"allow":["GET"]}}],"collection":[{"href":"https:\/\/trade.colart.com\/nl\/wp-json\/wp\/v2\/product"}],"about":[{"href":"https:\/\/trade.colart.com\/nl\/wp-json\/wp\/v2\/types\/product"}],"replies":[{"embeddable":true,"href":"https:\/\/trade.colart.com\/nl\/wp-json\/wp\/v2\/comments?post=23679"}],"wp:featuredmedia":[{"embeddable":true,"href":"https:\/\/trade.colart.com\/nl\/wp-json\/wp\/v2\/media\/27708"}],"wp:attachment":[{"href":"https:\/\/trade.colart.com\/nl\/wp-json\/wp\/v2\/media?parent=23679"}],"wp:term":[{"taxonomy":"product_brand","embeddable":true,"href":"https:\/\/trade.colart.com\/nl\/wp-json\/wp\/v2\/product_brand?post=23679"},{"taxonomy":"product_cat","embeddable":true,"href":"https:\/\/trade.colart.com\/nl\/wp-json\/wp\/v2\/product_cat?post=23679"},{"taxonomy":"product_tag","embeddable":true,"href":"https:\/\/trade.colart.com\/nl\/wp-json\/wp\/v2\/product_tag?post=23679"}],"curies":[{"name":"wp","href":"https:\/\/api.w.org\/{rel}","templated":true}]}}