{"id":25762,"date":"2026-03-16T00:49:11","date_gmt":"2026-03-16T00:49:11","guid":{"rendered":"https:\/\/trade.colart.com\/nl\/product\/liquitex-basics-canvas-40x50cm-pak-van-3-stuks\/"},"modified":"2026-04-07T13:32:15","modified_gmt":"2026-04-07T13:32:15","slug":"liquitex-basics-canvas-40x50cm-pak-van-3-stuks","status":"publish","type":"product","link":"https:\/\/trade.colart.com\/nl\/product\/liquitex-basics-canvas-40x50cm-pak-van-3-stuks\/","title":{"rendered":"Liquitex Basics Canvas 40x50cm Pak van 3 stuks"},"content":{"rendered":"<p>Mettez de la peinture sur toile. Lot de 3 ch\u00e2ssis, pr\u00eats \u00e0 l&#8217;emploi. Qualit\u00e9 archive. Sans acide. Non toxique. Pas besoin d&#8217;attendre. La toile de coton de texture moyenne est appr\u00eat\u00e9e avec une triple enduction de gesso acrylique, pr\u00eate \u00e0 recevoir la couleur acrylique. Agraf\u00e9e au dos, elle est tendue sur un ch\u00e2ssis en bois FSC\u00ae.<\/p>\n","protected":false},"excerpt":{"rendered":"<p>Mettez de la peinture sur toile. Lot de 3 ch\u00e2ssis, pr\u00eats \u00e0 l&#8217;emploi. Qualit\u00e9 archive. Sans acide. Non toxique. Pas besoin d&#8217;attendre. La toile de coton de texture moyenne est appr\u00eat\u00e9e avec une triple enduction de gesso acrylique, pr\u00eate \u00e0 recevoir la couleur acrylique. Agraf\u00e9e au dos, elle est tendue sur un ch\u00e2ssis en bois FSC\u00ae. <span class=\"more_dots\">&#8230;<\/span><\/p>\n<p><a class=\"btn btn-secondary understrap-read-more-link\" href=\"https:\/\/trade.colart.com\/nl\/product\/liquitex-basics-canvas-40x50cm-pak-van-3-stuks\/\">Read More&#8230;<span class=\"screen-reader-text\"> from Liquitex Basics Canvas 40x50cm Pak van 3 stuks<\/span><\/a><\/p>\n","protected":false},"featured_media":27965,"comment_status":"closed","ping_status":"closed","template":"","meta":{"_acf_changed":false},"product_brand":[],"product_cat":[3330],"product_tag":[],"class_list":{"0":"post-25762","1":"product","2":"type-product","3":"status-publish","4":"has-post-thumbnail","6":"product_cat-liquitex-products-basics-basics-schildersdoeken","8":"first","9":"instock","10":"shipping-taxable","11":"purchasable","12":"product-type-simple"},"acf":[],"_links":{"self":[{"href":"https:\/\/trade.colart.com\/nl\/wp-json\/wp\/v2\/product\/25762","targetHints":{"allow":["GET"]}}],"collection":[{"href":"https:\/\/trade.colart.com\/nl\/wp-json\/wp\/v2\/product"}],"about":[{"href":"https:\/\/trade.colart.com\/nl\/wp-json\/wp\/v2\/types\/product"}],"replies":[{"embeddable":true,"href":"https:\/\/trade.colart.com\/nl\/wp-json\/wp\/v2\/comments?post=25762"}],"wp:featuredmedia":[{"embeddable":true,"href":"https:\/\/trade.colart.com\/nl\/wp-json\/wp\/v2\/media\/27965"}],"wp:attachment":[{"href":"https:\/\/trade.colart.com\/nl\/wp-json\/wp\/v2\/media?parent=25762"}],"wp:term":[{"taxonomy":"product_brand","embeddable":true,"href":"https:\/\/trade.colart.com\/nl\/wp-json\/wp\/v2\/product_brand?post=25762"},{"taxonomy":"product_cat","embeddable":true,"href":"https:\/\/trade.colart.com\/nl\/wp-json\/wp\/v2\/product_cat?post=25762"},{"taxonomy":"product_tag","embeddable":true,"href":"https:\/\/trade.colart.com\/nl\/wp-json\/wp\/v2\/product_tag?post=25762"}],"curies":[{"name":"wp","href":"https:\/\/api.w.org\/{rel}","templated":true}]}}