{"id":28036,"date":"2025-02-11T09:17:55","date_gmt":"2025-02-11T09:17:55","guid":{"rendered":"https:\/\/trade.colart.com\/nl\/product\/conte-a-paris-conte-a-paris-colour-carre\/"},"modified":"2026-04-07T18:22:17","modified_gmt":"2026-04-07T18:22:17","slug":"conte-a-paris-conte-a-paris-colour-carre","status":"publish","type":"product","link":"https:\/\/trade.colart.com\/nl\/product\/conte-a-paris-conte-a-paris-colour-carre\/","title":{"rendered":"Cont\u00e9 \u00e0 Paris Colour Carr\u00e9"},"content":{"rendered":"<p>Cont\u00e9 \u00e0 Paris Carr\u00e9 are renowned for the quality of their pigments, their lightfastness and the exceptional brilliance and purity of their colours. <\/p>\n<p>Chosen by the greatest artists, Picasso, Degas and Delacroix, Cont\u00e9 \u00e0 Paris Carr\u00e9 have always been the benchmark for pastels.  The range includes 70 shades that offer exceptional luminosity and intensity, ideal for landscapes, portraits and still lifes. <\/p>\n<p>Cont\u00e9 \u00e0 Paris pastel Carr\u00e9 have a unique shape, with a cross-section of 6 x 6 mm and a length of 65 mm. They can be used in a variety of ways: for precise, nervous work thanks to the edges of the sticks, or for flat tints using the edge of the square to mark values.<\/p>\n","protected":false},"excerpt":{"rendered":"<p>Cont\u00e9 \u00e0 Paris Carr\u00e9 are renowned for the quality of their pigments, their lightfastness and the exceptional brilliance and purity of their colours. Chosen by the greatest artists, Picasso, Degas and Delacroix, Cont\u00e9 \u00e0 Paris Carr\u00e9 have always been the benchmark for pastels. The range includes 70 shades that offer exceptional luminosity and intensity, ideal <span class=\"more_dots\">&#8230;<\/span><\/p>\n<p><a class=\"btn btn-secondary understrap-read-more-link\" href=\"https:\/\/trade.colart.com\/nl\/product\/conte-a-paris-conte-a-paris-colour-carre\/\">Read More&#8230;<span class=\"screen-reader-text\"> from Cont\u00e9 \u00e0 Paris Colour Carr\u00e9<\/span><\/a><\/p>\n","protected":false},"featured_media":18589,"comment_status":"closed","ping_status":"closed","template":"","meta":{"_acf_changed":false},"product_brand":[],"product_cat":[698],"product_tag":[],"class_list":{"0":"post-28036","1":"product","2":"type-product","3":"status-publish","4":"has-post-thumbnail","6":"product_cat-conte-a-paris-carre-kleurkrijt","8":"first","9":"instock","10":"shipping-taxable","11":"purchasable","12":"product-type-variable"},"acf":[],"_links":{"self":[{"href":"https:\/\/trade.colart.com\/nl\/wp-json\/wp\/v2\/product\/28036","targetHints":{"allow":["GET"]}}],"collection":[{"href":"https:\/\/trade.colart.com\/nl\/wp-json\/wp\/v2\/product"}],"about":[{"href":"https:\/\/trade.colart.com\/nl\/wp-json\/wp\/v2\/types\/product"}],"replies":[{"embeddable":true,"href":"https:\/\/trade.colart.com\/nl\/wp-json\/wp\/v2\/comments?post=28036"}],"wp:featuredmedia":[{"embeddable":true,"href":"https:\/\/trade.colart.com\/nl\/wp-json\/wp\/v2\/media\/18589"}],"wp:attachment":[{"href":"https:\/\/trade.colart.com\/nl\/wp-json\/wp\/v2\/media?parent=28036"}],"wp:term":[{"taxonomy":"product_brand","embeddable":true,"href":"https:\/\/trade.colart.com\/nl\/wp-json\/wp\/v2\/product_brand?post=28036"},{"taxonomy":"product_cat","embeddable":true,"href":"https:\/\/trade.colart.com\/nl\/wp-json\/wp\/v2\/product_cat?post=28036"},{"taxonomy":"product_tag","embeddable":true,"href":"https:\/\/trade.colart.com\/nl\/wp-json\/wp\/v2\/product_tag?post=28036"}],"curies":[{"name":"wp","href":"https:\/\/api.w.org\/{rel}","templated":true}]}}