{"id":38638,"date":"2026-03-12T13:53:05","date_gmt":"2026-03-12T13:53:05","guid":{"rendered":"https:\/\/trade.colart.com\/nl\/product\/lefranc-bourgeois-fine-acrylic-colour-leona-rose-set-5x80ml\/"},"modified":"2026-04-07T15:08:45","modified_gmt":"2026-04-07T15:08:45","slug":"lefranc-bourgeois-fine-acrylic-colour-leona-rose-set-5x80ml","status":"publish","type":"product","link":"https:\/\/trade.colart.com\/nl\/product\/lefranc-bourgeois-fine-acrylic-colour-leona-rose-set-5x80ml\/","title":{"rendered":"Lefranc Bourgeois Fine Acrylic Colour Leona Rose Set 5x80ml"},"content":{"rendered":"<p>Leona Rose est une artiste fran\u00e7aise plasticienne et conteuse visuelle. Son univers po\u00e9tic et onirique fait danser les formes et les couleurs. \u00c0 travers ses fresques, installations monumentales et ses po\u00e8mes, elle donne naissance \u00e0 des r\u00e8cites vibants, inspir\u00e8s par ses voyages ete ses engagements humaintaires. <\/p>\n","protected":false},"excerpt":{"rendered":"<p>Leona Rose est une artiste fran\u00e7aise plasticienne et conteuse visuelle. Son univers po\u00e9tic et onirique fait danser les formes et les couleurs. \u00c0 travers ses fresques, installations monumentales et ses po\u00e8mes, elle donne naissance \u00e0 des r\u00e8cites vibants, inspir\u00e8s par ses voyages ete ses engagements humaintaires.  <span class=\"more_dots\">&#8230;<\/span><\/p>\n<p><a class=\"btn btn-secondary understrap-read-more-link\" href=\"https:\/\/trade.colart.com\/nl\/product\/lefranc-bourgeois-fine-acrylic-colour-leona-rose-set-5x80ml\/\">Read More&#8230;<span class=\"screen-reader-text\"> from Lefranc Bourgeois Fine Acrylic Colour Leona Rose Set 5x80ml<\/span><\/a><\/p>\n","protected":false},"featured_media":38639,"comment_status":"closed","ping_status":"closed","template":"","meta":{"_acf_changed":false},"product_brand":[],"product_cat":[694],"product_tag":[],"class_list":{"0":"post-38638","1":"product","2":"type-product","3":"status-publish","4":"has-post-thumbnail","6":"product_cat-lefranc-bourgeois-kunstschilderen-acryl-vinylverf-fine-acrylverf-fine-acrylverf-sets","8":"first","9":"instock","10":"shipping-taxable","11":"purchasable","12":"product-type-simple"},"acf":[],"_links":{"self":[{"href":"https:\/\/trade.colart.com\/nl\/wp-json\/wp\/v2\/product\/38638","targetHints":{"allow":["GET"]}}],"collection":[{"href":"https:\/\/trade.colart.com\/nl\/wp-json\/wp\/v2\/product"}],"about":[{"href":"https:\/\/trade.colart.com\/nl\/wp-json\/wp\/v2\/types\/product"}],"replies":[{"embeddable":true,"href":"https:\/\/trade.colart.com\/nl\/wp-json\/wp\/v2\/comments?post=38638"}],"wp:featuredmedia":[{"embeddable":true,"href":"https:\/\/trade.colart.com\/nl\/wp-json\/wp\/v2\/media\/38639"}],"wp:attachment":[{"href":"https:\/\/trade.colart.com\/nl\/wp-json\/wp\/v2\/media?parent=38638"}],"wp:term":[{"taxonomy":"product_brand","embeddable":true,"href":"https:\/\/trade.colart.com\/nl\/wp-json\/wp\/v2\/product_brand?post=38638"},{"taxonomy":"product_cat","embeddable":true,"href":"https:\/\/trade.colart.com\/nl\/wp-json\/wp\/v2\/product_cat?post=38638"},{"taxonomy":"product_tag","embeddable":true,"href":"https:\/\/trade.colart.com\/nl\/wp-json\/wp\/v2\/product_tag?post=38638"}],"curies":[{"name":"wp","href":"https:\/\/api.w.org\/{rel}","templated":true}]}}