{"id":8853,"date":"2026-03-12T16:42:03","date_gmt":"2026-03-12T16:42:03","guid":{"rendered":"https:\/\/trade.colart.com\/nl\/product\/cont%c3%a9-%c3%a0-paris-sanguine-xviiie-si%c3%a8cle\/"},"modified":"2026-04-02T15:44:38","modified_gmt":"2026-04-02T15:44:38","slug":"cont%c3%a9-%c3%a0-paris-sanguine-xviiie-si%c3%a8cle","status":"publish","type":"product","link":"https:\/\/trade.colart.com\/nl\/product\/cont%c3%a9-%c3%a0-paris-sanguine-xviiie-si%c3%a8cle\/","title":{"rendered":"Cont\u00e9 \u00e0 Paris Sanguine XVIIIe si\u00e8cle"},"content":{"rendered":"","protected":false},"excerpt":{"rendered":"<p> <span class=\"more_dots\">&#8230;<\/span><\/p>\n<p><a class=\"btn btn-secondary understrap-read-more-link\" href=\"https:\/\/trade.colart.com\/nl\/product\/cont%c3%a9-%c3%a0-paris-sanguine-xviiie-si%c3%a8cle\/\">Read More&#8230;<span class=\"screen-reader-text\"> from Cont\u00e9 \u00e0 Paris Sanguine XVIIIe si\u00e8cle<\/span><\/a><\/p>\n","protected":false},"featured_media":18738,"comment_status":"closed","ping_status":"closed","template":"","meta":{"_acf_changed":false},"product_brand":[],"product_cat":[2296],"product_tag":[],"class_list":{"0":"post-8853","1":"product","2":"type-product","3":"status-publish","4":"has-post-thumbnail","6":"product_cat-conte-a-paris-schetspotloden-schetspotloden","8":"first","9":"instock","10":"shipping-taxable","11":"purchasable","12":"product-type-simple"},"acf":[],"_links":{"self":[{"href":"https:\/\/trade.colart.com\/nl\/wp-json\/wp\/v2\/product\/8853","targetHints":{"allow":["GET"]}}],"collection":[{"href":"https:\/\/trade.colart.com\/nl\/wp-json\/wp\/v2\/product"}],"about":[{"href":"https:\/\/trade.colart.com\/nl\/wp-json\/wp\/v2\/types\/product"}],"replies":[{"embeddable":true,"href":"https:\/\/trade.colart.com\/nl\/wp-json\/wp\/v2\/comments?post=8853"}],"wp:featuredmedia":[{"embeddable":true,"href":"https:\/\/trade.colart.com\/nl\/wp-json\/wp\/v2\/media\/18738"}],"wp:attachment":[{"href":"https:\/\/trade.colart.com\/nl\/wp-json\/wp\/v2\/media?parent=8853"}],"wp:term":[{"taxonomy":"product_brand","embeddable":true,"href":"https:\/\/trade.colart.com\/nl\/wp-json\/wp\/v2\/product_brand?post=8853"},{"taxonomy":"product_cat","embeddable":true,"href":"https:\/\/trade.colart.com\/nl\/wp-json\/wp\/v2\/product_cat?post=8853"},{"taxonomy":"product_tag","embeddable":true,"href":"https:\/\/trade.colart.com\/nl\/wp-json\/wp\/v2\/product_tag?post=8853"}],"curies":[{"name":"wp","href":"https:\/\/api.w.org\/{rel}","templated":true}]}}