{"id":19237,"date":"2026-03-12T15:56:09","date_gmt":"2026-03-12T15:56:09","guid":{"rendered":"https:\/\/trade.colart.com\/uk\/product\/cont%c3%a9-%c3%a0-paris-sketching-carr%c3%a9s-brown-portrait\/"},"modified":"2026-04-02T04:51:02","modified_gmt":"2026-04-02T04:51:02","slug":"cont%c3%a9-%c3%a0-paris-sketching-carr%c3%a9s-brown-portrait","status":"publish","type":"product","link":"https:\/\/trade.colart.com\/uk\/product\/cont%c3%a9-%c3%a0-paris-sketching-carr%c3%a9s-brown-portrait\/","title":{"rendered":"Cont\u00e9 \u00e0 Paris Sketching carr\u00e9s brown portrait"},"content":{"rendered":"","protected":false},"excerpt":{"rendered":"<p> <span class=\"more_dots\">&#8230;<\/span><\/p>\n<p><a class=\"btn btn-secondary understrap-read-more-link\" href=\"https:\/\/trade.colart.com\/uk\/product\/cont%c3%a9-%c3%a0-paris-sketching-carr%c3%a9s-brown-portrait\/\">Read More&#8230;<span class=\"screen-reader-text\"> from Cont\u00e9 \u00e0 Paris Sketching carr\u00e9s brown portrait<\/span><\/a><\/p>\n","protected":false},"featured_media":42326,"template":"","meta":{"_acf_changed":false},"product_brand":[],"product_cat":[1771],"product_tag":[],"class_list":{"0":"post-19237","1":"product","2":"type-product","3":"status-publish","4":"has-post-thumbnail","6":"product_cat-conte-a-paris-sketching-carres","8":"first","9":"instock","10":"shipping-taxable","11":"purchasable","12":"product-type-simple"},"acf":[],"_links":{"self":[{"href":"https:\/\/trade.colart.com\/uk\/wp-json\/wp\/v2\/product\/19237","targetHints":{"allow":["GET"]}}],"collection":[{"href":"https:\/\/trade.colart.com\/uk\/wp-json\/wp\/v2\/product"}],"about":[{"href":"https:\/\/trade.colart.com\/uk\/wp-json\/wp\/v2\/types\/product"}],"wp:featuredmedia":[{"embeddable":true,"href":"https:\/\/trade.colart.com\/uk\/wp-json\/wp\/v2\/media\/42326"}],"wp:attachment":[{"href":"https:\/\/trade.colart.com\/uk\/wp-json\/wp\/v2\/media?parent=19237"}],"wp:term":[{"taxonomy":"product_brand","embeddable":true,"href":"https:\/\/trade.colart.com\/uk\/wp-json\/wp\/v2\/product_brand?post=19237"},{"taxonomy":"product_cat","embeddable":true,"href":"https:\/\/trade.colart.com\/uk\/wp-json\/wp\/v2\/product_cat?post=19237"},{"taxonomy":"product_tag","embeddable":true,"href":"https:\/\/trade.colart.com\/uk\/wp-json\/wp\/v2\/product_tag?post=19237"}],"curies":[{"name":"wp","href":"https:\/\/api.w.org\/{rel}","templated":true}]}}