{"id":27547,"date":"2025-02-11T09:20:36","date_gmt":"2025-02-11T09:20:36","guid":{"rendered":"https:\/\/trade.colart.com\/uk\/product\/conte-a-paris-conte-a-paris-sketching-pencils\/"},"modified":"2026-04-16T08:22:09","modified_gmt":"2026-04-16T08:22:09","slug":"conte-a-paris-conte-a-paris-sketching-pencils","status":"publish","type":"product","link":"https:\/\/trade.colart.com\/uk\/product\/conte-a-paris-conte-a-paris-sketching-pencils\/","title":{"rendered":"Cont\u00e9 \u00e0 Paris Sketching Pencils"},"content":{"rendered":"<p>Cont\u00e9 \u00e0 Paris propose une gamme compl\u00e8te et unique de crayons esquisse. Ces crayons sont id\u00e9aux pour les portraits (sanguines) ; les paysages (s\u00e9pia), mais aussi pour tracer des perspectives (carbone) ou cr\u00e9er des contrastes (blanc). L&#8217;ensemble de cette gamme comporte 3 des tons de sanguine, et des graduations de carbone.<\/p>\n","protected":false},"excerpt":{"rendered":"<p>Suitable for any type of sketching. <span class=\"more_dots\">&#8230;<\/span><\/p>\n<p><a class=\"btn btn-secondary understrap-read-more-link\" href=\"https:\/\/trade.colart.com\/uk\/product\/conte-a-paris-conte-a-paris-sketching-pencils\/\">Read More&#8230;<span class=\"screen-reader-text\"> from Cont\u00e9 \u00e0 Paris Sketching Pencils<\/span><\/a><\/p>\n","protected":false},"featured_media":19366,"template":"","meta":{"_acf_changed":false},"product_brand":[],"product_cat":[1822],"product_tag":[],"class_list":{"0":"post-27547","1":"product","2":"type-product","3":"status-publish","4":"has-post-thumbnail","6":"product_cat-conte-a-paris-sketching-pencils","8":"first","9":"instock","10":"shipping-taxable","11":"purchasable","12":"product-type-variable"},"acf":[],"_links":{"self":[{"href":"https:\/\/trade.colart.com\/uk\/wp-json\/wp\/v2\/product\/27547","targetHints":{"allow":["GET"]}}],"collection":[{"href":"https:\/\/trade.colart.com\/uk\/wp-json\/wp\/v2\/product"}],"about":[{"href":"https:\/\/trade.colart.com\/uk\/wp-json\/wp\/v2\/types\/product"}],"wp:featuredmedia":[{"embeddable":true,"href":"https:\/\/trade.colart.com\/uk\/wp-json\/wp\/v2\/media\/19366"}],"wp:attachment":[{"href":"https:\/\/trade.colart.com\/uk\/wp-json\/wp\/v2\/media?parent=27547"}],"wp:term":[{"taxonomy":"product_brand","embeddable":true,"href":"https:\/\/trade.colart.com\/uk\/wp-json\/wp\/v2\/product_brand?post=27547"},{"taxonomy":"product_cat","embeddable":true,"href":"https:\/\/trade.colart.com\/uk\/wp-json\/wp\/v2\/product_cat?post=27547"},{"taxonomy":"product_tag","embeddable":true,"href":"https:\/\/trade.colart.com\/uk\/wp-json\/wp\/v2\/product_tag?post=27547"}],"curies":[{"name":"wp","href":"https:\/\/api.w.org\/{rel}","templated":true}]}}